{"id":2485,"date":"2022-03-14T16:21:56","date_gmt":"2022-03-14T16:21:56","guid":{"rendered":"https:\/\/www.texoliq.com\/?post_type=product&#038;p=2485"},"modified":"2023-03-07T12:05:59","modified_gmt":"2023-03-07T12:05:59","slug":"digitales-sushi-rezeptbuch","status":"publish","type":"product","link":"https:\/\/www.texoliq.com\/de\/produkt\/digitales-sushi-rezeptbuch","title":{"rendered":"DIGITALES SUSHI REZEPTBUCH"},"content":{"rendered":"<h1 class=\"font_8\" style=\"padding-left: 40px; text-align: center;\"><span style=\"color: #000000;\">In Ihrem TEXOLIQ-Kochbuch enthaltene Inhalte<\/span><\/h1>\n<h2 style=\"text-align: center;\"><em><strong><span style=\"color: #59d600;\">Inhalte, die in Ihrem digitales sushi rezeptbuch enthalten sind<\/span><\/strong><\/em><\/h2>\n<p>Machen normale Leute Sushi zu Hause?<br \/>\nIn den meisten F\u00e4llen ist die Antwort Nein!<br \/>\nSie m\u00fcssen jedoch kein echter Sushi-Koch sein, um gutes Sushi zuzubereiten, oder? Warum also sollten normale Menschen kein Sushi kochen? Einfach aus Mangel an den notwendigen Werkzeugen und\/oder den richtigen Rezepten.<br \/>\nDank digitales sushi rezeptbuch Sushi zuzubereiten kann auch f\u00fcr diejenigen einfach sein, die noch nie Erfahrung in der Zubereitung von Sushi hatten. Mit diesem Kochbuch lernen Sie alle grundlegenden Techniken zur Zubereitung verschiedener Varianten dieses Gerichts kennen.<\/p>\n<p>&nbsp;<\/p>\n<p style=\"text-align: left;\"><span style=\"color: #0b6e0b;\"><strong>\u2705 Zubereitung von Gew\u00fcrzen f\u00fcr Reis<\/strong><\/span><\/p>\n<p>Um Sushi-Reis zuzubereiten, muss der Reis mit einem Grundgew\u00fcrz namens Sushizu gew\u00fcrzt werden, das ihm nicht nur Geschmack verleiht, sondern auch dazu dient, den Reis weich zu halten und seine Zartheit zu bewahren.<\/p>\n<hr \/>\n<p style=\"text-align: left;\"><span style=\"color: #0b6e0b;\"><strong>\u2705 Reis f\u00fcr Sushi zubereiten<br \/>\n<\/strong><\/span><\/p>\n<p>Sushireis ist die wichtigste Zutat f\u00fcr richtig gutes Sushi. Das Erlernen der perfekten Zubereitung ist die Grundlage, um wahre Experten der japanischen K\u00fcche zu werden.<\/p>\n<hr \/>\n<p style=\"text-align: left;\"><span style=\"color: #0b6e0b;\"><strong>\u2705 Hosomaki-Zubereitung<br \/>\n<\/strong><\/span><\/p>\n<p>Hosomaki-Sushi ist eine der Varianten von Maki-Sushi, die sich durch Nori-Algen auf der Au\u00dfenseite der Sushi-Rolle auszeichnet, die eine F\u00fcllung aus Reis und einer einzigen Zutat Ihrer Wahl, Fisch oder Gem\u00fcse, umh\u00fcllt.<\/p>\n<hr \/>\n<p style=\"text-align: left;\"><span style=\"color: #0b6e0b;\"><strong>\u2705 Futomaki-Zubereitung<br \/>\n<\/strong><\/span><\/p>\n<p>Futomaki-Sushi ist in der japanischen K\u00fcche ein Sushi-Gericht aus Sushi-Reis (d. h. gew\u00fcrzt mit Essig und Zucker) mit einer oder mehreren F\u00fcllungen aus Fisch, Gem\u00fcse, Weichtieren, Krebstieren und Seetang.<\/p>\n<hr \/>\n<p style=\"text-align: left;\"><span style=\"color: #0b6e0b;\"><strong>\u2705 Uramaki-Zubereitung<\/strong><\/span><\/p>\n<p>Uramaki-Sushi ist eine der beliebtesten Variationen von Maki-Sushi unter Westlern. Im Gegensatz zu allen anderen Sushi-Arten wird beim Uramaki-Sushi die Nori-Alge innerhalb der Sushi-Rolle und nicht au\u00dfen platziert.<\/p>\n<hr \/>\n<p style=\"text-align: left;\"><span style=\"color: #0b6e0b;\"><strong>\u2705 Sushi-Rollen-Zubereitung f\u00fcr Anf\u00e4nger<\/strong><\/span><\/p>\n<p>Dank des Bazooka-Werkzeugs im TEXOLIQ Sushi-Set war die Zubereitung von Sushi noch nie so einfach! Mit diesem innovativen Werkzeug k\u00f6nnen Sie perfekte Maki-Sushi-Rollen selbst f\u00fcr diejenigen herstellen, die nicht praktisch sind oder noch nie Maki-Sushi zubereitet haben.<\/p>\n<hr \/>\n<p style=\"text-align: left;\">\n","protected":false},"excerpt":{"rendered":"<p>In Ihrem TEXOLIQ-Kochbuch enthaltene Inhalte Inhalte, die in Ihrem digitales sushi rezeptbuch enthalten sind Machen normale Leute Sushi zu Hause? In den meisten F\u00e4llen ist die Antwort Nein! Sie m\u00fcssen jedoch kein echter Sushi-Koch sein, um gutes Sushi zuzubereiten, oder? Warum also sollten normale Menschen kein Sushi kochen? Einfach aus Mangel an den notwendigen Werkzeugen [&hellip;]<\/p>\n","protected":false},"featured_media":5964,"comment_status":"open","ping_status":"closed","template":"","meta":{"ocean_post_layout":"full-width","ocean_both_sidebars_style":"","ocean_both_sidebars_content_width":0,"ocean_both_sidebars_sidebars_width":0,"ocean_sidebar":"0","ocean_second_sidebar":"0","ocean_disable_margins":"enable","ocean_add_body_class":"","ocean_shortcode_before_top_bar":"","ocean_shortcode_after_top_bar":"","ocean_shortcode_before_header":"","ocean_shortcode_after_header":"","ocean_has_shortcode":"","ocean_shortcode_after_title":"","ocean_shortcode_before_footer_widgets":"","ocean_shortcode_after_footer_widgets":"","ocean_shortcode_before_footer_bottom":"","ocean_shortcode_after_footer_bottom":"","ocean_display_top_bar":"default","ocean_display_header":"default","ocean_header_style":"","ocean_center_header_left_menu":"0","ocean_custom_header_template":"0","ocean_custom_logo":0,"ocean_custom_retina_logo":0,"ocean_custom_logo_max_width":0,"ocean_custom_logo_tablet_max_width":0,"ocean_custom_logo_mobile_max_width":0,"ocean_custom_logo_max_height":0,"ocean_custom_logo_tablet_max_height":0,"ocean_custom_logo_mobile_max_height":0,"ocean_header_custom_menu":"0","ocean_menu_typo_font_family":"0","ocean_menu_typo_font_subset":"","ocean_menu_typo_font_size":0,"ocean_menu_typo_font_size_tablet":0,"ocean_menu_typo_font_size_mobile":0,"ocean_menu_typo_font_size_unit":"px","ocean_menu_typo_font_weight":"","ocean_menu_typo_font_weight_tablet":"","ocean_menu_typo_font_weight_mobile":"","ocean_menu_typo_transform":"","ocean_menu_typo_transform_tablet":"","ocean_menu_typo_transform_mobile":"","ocean_menu_typo_line_height":0,"ocean_menu_typo_line_height_tablet":0,"ocean_menu_typo_line_height_mobile":0,"ocean_menu_typo_line_height_unit":"","ocean_menu_typo_spacing":0,"ocean_menu_typo_spacing_tablet":0,"ocean_menu_typo_spacing_mobile":0,"ocean_menu_typo_spacing_unit":"","ocean_menu_link_color":"","ocean_menu_link_color_hover":"","ocean_menu_link_color_active":"","ocean_menu_link_background":"","ocean_menu_link_hover_background":"","ocean_menu_link_active_background":"","ocean_menu_social_links_bg":"","ocean_menu_social_hover_links_bg":"","ocean_menu_social_links_color":"","ocean_menu_social_hover_links_color":"","ocean_disable_title":"on","ocean_disable_heading":"default","ocean_post_title":"","ocean_post_subheading":"","ocean_post_title_style":"","ocean_post_title_background_color":"","ocean_post_title_background":0,"ocean_post_title_bg_image_position":"","ocean_post_title_bg_image_attachment":"","ocean_post_title_bg_image_repeat":"","ocean_post_title_bg_image_size":"","ocean_post_title_height":0,"ocean_post_title_bg_overlay":0.5,"ocean_post_title_bg_overlay_color":"","ocean_disable_breadcrumbs":"default","ocean_breadcrumbs_color":"","ocean_breadcrumbs_separator_color":"","ocean_breadcrumbs_links_color":"","ocean_breadcrumbs_links_hover_color":"","ocean_display_footer_widgets":"default","ocean_display_footer_bottom":"default","ocean_custom_footer_template":"0"},"product_brand":[],"product_cat":[119],"product_tag":[185,267,187],"class_list":{"0":"post-2485","1":"product","2":"type-product","3":"status-publish","4":"has-post-thumbnail","6":"product_cat-e-book-pdf-de","7":"product_tag-benutzerhandbuch","8":"product_tag-kochbuch","9":"product_tag-rezeptbuch","11":"entry","12":"has-media","14":"first","15":"instock","16":"downloadable","17":"virtual","18":"purchasable","19":"product-type-simple","20":"has-rating","21":"has-product-nav","22":"col","23":"span_1_of_2","24":"owp-content-center","25":"owp-thumbs-layout-horizontal","26":"owp-btn-big","27":"owp-tabs-layout-horizontal"},"yoast_head":"<!-- This site is optimized with the Yoast SEO Premium plugin v20.1 (Yoast SEO v26.5) - https:\/\/yoast.com\/wordpress\/plugins\/seo\/ -->\n<title>DIGITALES SUSHI REZEPTBUCH - TEXOLIQ\u00ae<\/title>\n<meta name=\"description\" content=\"\u2705 LADE JETZT das digitales Sushi Rezeptbuch \u2714\ufe0f TEXOLIQ HERUNTER und bereite auch Sushi zu. \u2611\ufe0f KOSTENLOS in der digitalen Version BESTELLEN.\" \/>\n<meta name=\"robots\" content=\"index, follow, max-snippet:-1, max-image-preview:large, max-video-preview:-1\" \/>\n<link rel=\"canonical\" href=\"https:\/\/www.texoliq.com\/de\/produkt\/digitales-sushi-rezeptbuch\" \/>\n<meta property=\"og:locale\" content=\"de_DE\" \/>\n<meta property=\"og:type\" content=\"article\" \/>\n<meta property=\"og:title\" content=\"DIGITALES SUSHI REZEPTBUCH\" \/>\n<meta property=\"og:description\" content=\"\u2705 LADE JETZT das digitales Sushi Rezeptbuch \u2714\ufe0f TEXOLIQ HERUNTER und bereite auch Sushi zu. \u2611\ufe0f KOSTENLOS in der digitalen Version BESTELLEN.\" \/>\n<meta property=\"og:url\" content=\"https:\/\/www.texoliq.com\/de\/produkt\/digitales-sushi-rezeptbuch\" \/>\n<meta property=\"og:site_name\" content=\"TEXOLIQ\u00ae\" \/>\n<meta property=\"article:modified_time\" content=\"2023-03-07T12:05:59+00:00\" \/>\n<meta property=\"og:image\" content=\"http:\/\/www.texoliq.com\/wp-content\/uploads\/2022\/03\/1-3.webp\" \/>\n\t<meta property=\"og:image:width\" content=\"1000\" \/>\n\t<meta property=\"og:image:height\" content=\"1000\" \/>\n\t<meta property=\"og:image:type\" content=\"image\/webp\" \/>\n<meta name=\"twitter:card\" content=\"summary_large_image\" \/>\n<meta name=\"twitter:label1\" content=\"Gesch\u00e4tzte Lesezeit\" \/>\n\t<meta name=\"twitter:data1\" content=\"2\u00a0Minuten\" \/>\n<script type=\"application\/ld+json\" class=\"yoast-schema-graph\">{\"@context\":\"https:\/\/schema.org\",\"@graph\":[{\"@type\":\"WebPage\",\"@id\":\"https:\/\/www.texoliq.com\/de\/produkt\/digitales-sushi-rezeptbuch\",\"url\":\"https:\/\/www.texoliq.com\/de\/produkt\/digitales-sushi-rezeptbuch\",\"name\":\"DIGITALES SUSHI REZEPTBUCH - TEXOLIQ\u00ae\",\"isPartOf\":{\"@id\":\"https:\/\/www.texoliq.com\/de#website\"},\"primaryImageOfPage\":{\"@id\":\"https:\/\/www.texoliq.com\/de\/produkt\/digitales-sushi-rezeptbuch#primaryimage\"},\"image\":{\"@id\":\"https:\/\/www.texoliq.com\/de\/produkt\/digitales-sushi-rezeptbuch#primaryimage\"},\"thumbnailUrl\":\"https:\/\/www.texoliq.com\/wp-content\/uploads\/2022\/03\/1-3.webp\",\"datePublished\":\"2022-03-14T16:21:56+00:00\",\"dateModified\":\"2023-03-07T12:05:59+00:00\",\"description\":\"\u2705 LADE JETZT das digitales Sushi Rezeptbuch \u2714\ufe0f TEXOLIQ HERUNTER und bereite auch Sushi zu. \u2611\ufe0f KOSTENLOS in der digitalen Version BESTELLEN.\",\"breadcrumb\":{\"@id\":\"https:\/\/www.texoliq.com\/de\/produkt\/digitales-sushi-rezeptbuch#breadcrumb\"},\"inLanguage\":\"de\",\"potentialAction\":[{\"@type\":\"ReadAction\",\"target\":[\"https:\/\/www.texoliq.com\/de\/produkt\/digitales-sushi-rezeptbuch\"]}]},{\"@type\":\"ImageObject\",\"inLanguage\":\"de\",\"@id\":\"https:\/\/www.texoliq.com\/de\/produkt\/digitales-sushi-rezeptbuch#primaryimage\",\"url\":\"https:\/\/www.texoliq.com\/wp-content\/uploads\/2022\/03\/1-3.webp\",\"contentUrl\":\"https:\/\/www.texoliq.com\/wp-content\/uploads\/2022\/03\/1-3.webp\",\"width\":1000,\"height\":1000,\"caption\":\"digitales sushi rezeptbuch\"},{\"@type\":\"BreadcrumbList\",\"@id\":\"https:\/\/www.texoliq.com\/de\/produkt\/digitales-sushi-rezeptbuch#breadcrumb\",\"itemListElement\":[{\"@type\":\"ListItem\",\"position\":1,\"name\":\"Home\",\"item\":\"https:\/\/www.texoliq.com\/de\"},{\"@type\":\"ListItem\",\"position\":2,\"name\":\"Shop\",\"item\":\"https:\/\/www.texoliq.com\/negozio\"},{\"@type\":\"ListItem\",\"position\":3,\"name\":\"DIGITALES SUSHI REZEPTBUCH\"}]},{\"@type\":\"WebSite\",\"@id\":\"https:\/\/www.texoliq.com\/de#website\",\"url\":\"https:\/\/www.texoliq.com\/de\",\"name\":\"TEXOLIQ\u00ae\",\"description\":\"Kit sushi\",\"publisher\":{\"@id\":\"https:\/\/www.texoliq.com\/de#organization\"},\"alternateName\":\"TEXOLIQ\",\"potentialAction\":[{\"@type\":\"SearchAction\",\"target\":{\"@type\":\"EntryPoint\",\"urlTemplate\":\"https:\/\/www.texoliq.com\/de?s={search_term_string}\"},\"query-input\":{\"@type\":\"PropertyValueSpecification\",\"valueRequired\":true,\"valueName\":\"search_term_string\"}}],\"inLanguage\":\"de\"},{\"@type\":\"Organization\",\"@id\":\"https:\/\/www.texoliq.com\/de#organization\",\"name\":\"TEXOLIQ\u00ae\",\"alternateName\":\"TEXOLIQ\",\"url\":\"https:\/\/www.texoliq.com\/de\",\"logo\":{\"@type\":\"ImageObject\",\"inLanguage\":\"de\",\"@id\":\"https:\/\/www.texoliq.com\/de#\/schema\/logo\/image\/\",\"url\":\"http:\/\/www.texoliq.com\/wp-content\/uploads\/2021\/04\/icona-del-sito-circolare-1.png\",\"contentUrl\":\"http:\/\/www.texoliq.com\/wp-content\/uploads\/2021\/04\/icona-del-sito-circolare-1.png\",\"width\":500,\"height\":500,\"caption\":\"TEXOLIQ\u00ae\"},\"image\":{\"@id\":\"https:\/\/www.texoliq.com\/de#\/schema\/logo\/image\/\"}}]}<\/script>\n<!-- \/ Yoast SEO Premium plugin. -->","yoast_head_json":{"title":"DIGITALES SUSHI REZEPTBUCH - TEXOLIQ\u00ae","description":"\u2705 LADE JETZT das digitales Sushi Rezeptbuch \u2714\ufe0f TEXOLIQ HERUNTER und bereite auch Sushi zu. \u2611\ufe0f KOSTENLOS in der digitalen Version BESTELLEN.","robots":{"index":"index","follow":"follow","max-snippet":"max-snippet:-1","max-image-preview":"max-image-preview:large","max-video-preview":"max-video-preview:-1"},"canonical":"https:\/\/www.texoliq.com\/de\/produkt\/digitales-sushi-rezeptbuch","og_locale":"de_DE","og_type":"article","og_title":"DIGITALES SUSHI REZEPTBUCH","og_description":"\u2705 LADE JETZT das digitales Sushi Rezeptbuch \u2714\ufe0f TEXOLIQ HERUNTER und bereite auch Sushi zu. \u2611\ufe0f KOSTENLOS in der digitalen Version BESTELLEN.","og_url":"https:\/\/www.texoliq.com\/de\/produkt\/digitales-sushi-rezeptbuch","og_site_name":"TEXOLIQ\u00ae","article_modified_time":"2023-03-07T12:05:59+00:00","og_image":[{"width":1000,"height":1000,"url":"http:\/\/www.texoliq.com\/wp-content\/uploads\/2022\/03\/1-3.webp","type":"image\/webp"}],"twitter_card":"summary_large_image","twitter_misc":{"Gesch\u00e4tzte Lesezeit":"2\u00a0Minuten"},"schema":{"@context":"https:\/\/schema.org","@graph":[{"@type":"WebPage","@id":"https:\/\/www.texoliq.com\/de\/produkt\/digitales-sushi-rezeptbuch","url":"https:\/\/www.texoliq.com\/de\/produkt\/digitales-sushi-rezeptbuch","name":"DIGITALES SUSHI REZEPTBUCH - TEXOLIQ\u00ae","isPartOf":{"@id":"https:\/\/www.texoliq.com\/de#website"},"primaryImageOfPage":{"@id":"https:\/\/www.texoliq.com\/de\/produkt\/digitales-sushi-rezeptbuch#primaryimage"},"image":{"@id":"https:\/\/www.texoliq.com\/de\/produkt\/digitales-sushi-rezeptbuch#primaryimage"},"thumbnailUrl":"https:\/\/www.texoliq.com\/wp-content\/uploads\/2022\/03\/1-3.webp","datePublished":"2022-03-14T16:21:56+00:00","dateModified":"2023-03-07T12:05:59+00:00","description":"\u2705 LADE JETZT das digitales Sushi Rezeptbuch \u2714\ufe0f TEXOLIQ HERUNTER und bereite auch Sushi zu. \u2611\ufe0f KOSTENLOS in der digitalen Version BESTELLEN.","breadcrumb":{"@id":"https:\/\/www.texoliq.com\/de\/produkt\/digitales-sushi-rezeptbuch#breadcrumb"},"inLanguage":"de","potentialAction":[{"@type":"ReadAction","target":["https:\/\/www.texoliq.com\/de\/produkt\/digitales-sushi-rezeptbuch"]}]},{"@type":"ImageObject","inLanguage":"de","@id":"https:\/\/www.texoliq.com\/de\/produkt\/digitales-sushi-rezeptbuch#primaryimage","url":"https:\/\/www.texoliq.com\/wp-content\/uploads\/2022\/03\/1-3.webp","contentUrl":"https:\/\/www.texoliq.com\/wp-content\/uploads\/2022\/03\/1-3.webp","width":1000,"height":1000,"caption":"digitales sushi rezeptbuch"},{"@type":"BreadcrumbList","@id":"https:\/\/www.texoliq.com\/de\/produkt\/digitales-sushi-rezeptbuch#breadcrumb","itemListElement":[{"@type":"ListItem","position":1,"name":"Home","item":"https:\/\/www.texoliq.com\/de"},{"@type":"ListItem","position":2,"name":"Shop","item":"https:\/\/www.texoliq.com\/negozio"},{"@type":"ListItem","position":3,"name":"DIGITALES SUSHI REZEPTBUCH"}]},{"@type":"WebSite","@id":"https:\/\/www.texoliq.com\/de#website","url":"https:\/\/www.texoliq.com\/de","name":"TEXOLIQ\u00ae","description":"Kit sushi","publisher":{"@id":"https:\/\/www.texoliq.com\/de#organization"},"alternateName":"TEXOLIQ","potentialAction":[{"@type":"SearchAction","target":{"@type":"EntryPoint","urlTemplate":"https:\/\/www.texoliq.com\/de?s={search_term_string}"},"query-input":{"@type":"PropertyValueSpecification","valueRequired":true,"valueName":"search_term_string"}}],"inLanguage":"de"},{"@type":"Organization","@id":"https:\/\/www.texoliq.com\/de#organization","name":"TEXOLIQ\u00ae","alternateName":"TEXOLIQ","url":"https:\/\/www.texoliq.com\/de","logo":{"@type":"ImageObject","inLanguage":"de","@id":"https:\/\/www.texoliq.com\/de#\/schema\/logo\/image\/","url":"http:\/\/www.texoliq.com\/wp-content\/uploads\/2021\/04\/icona-del-sito-circolare-1.png","contentUrl":"http:\/\/www.texoliq.com\/wp-content\/uploads\/2021\/04\/icona-del-sito-circolare-1.png","width":500,"height":500,"caption":"TEXOLIQ\u00ae"},"image":{"@id":"https:\/\/www.texoliq.com\/de#\/schema\/logo\/image\/"}}]}},"_links":{"self":[{"href":"https:\/\/www.texoliq.com\/de\/wp-json\/wp\/v2\/product\/2485","targetHints":{"allow":["GET"]}}],"collection":[{"href":"https:\/\/www.texoliq.com\/de\/wp-json\/wp\/v2\/product"}],"about":[{"href":"https:\/\/www.texoliq.com\/de\/wp-json\/wp\/v2\/types\/product"}],"replies":[{"embeddable":true,"href":"https:\/\/www.texoliq.com\/de\/wp-json\/wp\/v2\/comments?post=2485"}],"wp:featuredmedia":[{"embeddable":true,"href":"https:\/\/www.texoliq.com\/de\/wp-json\/wp\/v2\/media\/5964"}],"wp:attachment":[{"href":"https:\/\/www.texoliq.com\/de\/wp-json\/wp\/v2\/media?parent=2485"}],"wp:term":[{"taxonomy":"product_brand","embeddable":true,"href":"https:\/\/www.texoliq.com\/de\/wp-json\/wp\/v2\/product_brand?post=2485"},{"taxonomy":"product_cat","embeddable":true,"href":"https:\/\/www.texoliq.com\/de\/wp-json\/wp\/v2\/product_cat?post=2485"},{"taxonomy":"product_tag","embeddable":true,"href":"https:\/\/www.texoliq.com\/de\/wp-json\/wp\/v2\/product_tag?post=2485"}],"curies":[{"name":"wp","href":"https:\/\/api.w.org\/{rel}","templated":true}]}}