{"id":3102,"date":"2022-03-18T16:14:30","date_gmt":"2022-03-18T15:14:30","guid":{"rendered":"https:\/\/www.texoliq.com\/?post_type=product&#038;p=3102"},"modified":"2024-06-12T09:40:46","modified_gmt":"2024-06-12T08:40:46","slug":"kit-sushi-complet-avec-appareil-moule-rouleau-a-maki-bazooka-plaquiste-maker-a-sushis","status":"publish","type":"product","link":"https:\/\/www.texoliq.com\/fr\/produit\/kit-sushi-complet-avec-appareil-moule-rouleau-a-maki-bazooka-plaquiste-maker-a-sushis","title":{"rendered":"KIT SUSHIS COMPLET BAZOOKA"},"content":{"rendered":"<h1 class=\"font_8\" style=\"padding-left: 40px; text-align: center;\"><span style=\"color: #000000;\">Kit Sushis Complet Bazooka TEXOLIQ<\/span><\/h1>\n<h2 style=\"text-align: center;\"><span style=\"color: #59d600;\"><em><strong>Le kit complet de sushis bazooka comprend<\/strong><\/em><\/span><\/h2>\n<h3><span style=\"color: #0b6e0b;\"><strong>\u00a0 \u00a0 \u2705 Bazooka pour les Sushis<\/strong><\/span><\/h3>\n<div id=\"product-p\" class=\"collapse in\" aria-expanded=\"true\">\n<p style=\"padding-left: 40px;\">Savez-vous d\u00e9j\u00e0 faire des sushis? Oubliez \u00e7a, car avec le kit complet de sushis bazooka TEXOLIQ la proc\u00e9dure sera d\u00e9form\u00e9e, simplifi\u00e9e et transform\u00e9e en une v\u00e9ritable formalit\u00e9.\u00a0Le Bazooka pour Sushi est un outil g\u00e9nial qui r\u00e9sout les plus gros probl\u00e8mes de pr\u00e9paration de Sushi. Si vous avez toujours r\u00eav\u00e9 de pr\u00e9parer des Sushis \u00e0 la maison mais que vous avez abandonn\u00e9 car vous pensiez que c&rsquo;\u00e9tait trop compliqu\u00e9, alors le <strong>TEXOLIQ<\/strong>\u00a0Bazooka vous fera repenser.<br \/>\nVous pouvez aborder la cuisine japonaise en douceur, puis si le r\u00e9sultat vous satisfait vous pourrez aussi vous essayer \u00e0 des pr\u00e9parations plus complexes, peut-\u00eatre en suivant la m\u00e9thode traditionnelle.<br \/>\nLe <strong>TEXOLIQ<\/strong>\u00a0Bazooka est fabriqu\u00e9 dans un mat\u00e9riau durable de qualit\u00e9 sup\u00e9rieure conforme \u00e0 toutes les normes europ\u00e9ennes et passe \u00e9galement au lave-vaisselle.<\/p>\n<hr \/>\n<\/div>\n<p>&nbsp;<\/p>\n<h3><span style=\"color: #0b6e0b;\"><strong>\u00a0 \u00a0 \u2705 Couteau \u00e0 Sushi Professionnel<\/strong><\/span><\/h3>\n<p style=\"padding-left: 40px;\">Si vous y r\u00e9fl\u00e9chissez, il y a vraiment de nombreuses \u00e9tapes diff\u00e9rentes o\u00f9 l&rsquo;utilisation du couteau est essentielle pour pr\u00e9parer les sushis. Coupez le poisson, les l\u00e9gumes, les fruits, le filet et enfin coupez le rouleau que vous venez de cr\u00e9er. Le couteau \u00e0 sushi professionnel <strong>TEXOLIQ<\/strong>\u00a0est con\u00e7u pour r\u00e9aliser au mieux toutes ces op\u00e9rations.<br \/>\nLa poign\u00e9e a une prise en main confortable, ce qui vous permet de couper \u00e0 diff\u00e9rents degr\u00e9s d&rsquo;angle. La lame perfor\u00e9e permet toujours une coupe nette et pr\u00e9cise, sans endommager les ingr\u00e9dients.<\/p>\n<hr \/>\n<p>&nbsp;<\/p>\n<h3><span style=\"color: #0b6e0b;\"><strong>\u00a0 \u00a0 \u2705 Fourreau de Couteau<\/strong><\/span><\/h3>\n<p style=\"padding-left: 40px;\">Le couteau sans gaine pour prot\u00e9ger la lame n&rsquo;est pas facilement transportable en toute s\u00e9curit\u00e9. Pour cette raison, l&rsquo;ensemble <strong>TEXOLIQ<\/strong>\u00a0comprend \u00e9galement la gaine du couteau.<br \/>\nLes principales fonctions de la gaine sont : le transport en toute s\u00e9curit\u00e9 du couteau, la protection du tranchant de la lame et la protection contre les dommages caus\u00e9s par une chute accidentelle du couteau.<\/p>\n<hr \/>\n<p>&nbsp;<\/p>\n<h3><span style=\"color: #0b6e0b;\"><strong>\u00a0 \u00a0 \u2705 2 Nattes en Bambou<\/strong><\/span><\/h3>\n<p style=\"padding-left: 40px;\">Les tapis sont fabriqu\u00e9s \u00e0 partir de b\u00e2tons de bambou 100% naturels de haute qualit\u00e9, tiss\u00e9s avec des fils de coton.<br \/>\nIl est fortement recommand\u00e9 de recouvrir le tapis d&rsquo;un film alimentaire pour \u00e9viter que les grains de riz ne se coincent entre les b\u00e2tons de bambou. Prot\u00e9ger le tapis avec un film facilite aussi grandement le nettoyage!<br \/>\nNe mettez pas les nattes de bambou au lave-vaisselle! Apr\u00e8s chaque utilisation, essuyez d\u00e9licatement le tapis avec un savon doux et de l&rsquo;eau. Assurez-vous qu&rsquo;il ne reste plus d&rsquo;amidon du riz et laissez le tapis s\u00e9cher compl\u00e8tement avant de le ranger.<\/p>\n<hr \/>\n<p>&nbsp;<\/p>\n<h3><span style=\"color: #0b6e0b;\"><strong>\u00a0 \u00a0 \u2705 Cuill\u00e8re en Bambou<\/strong><\/span><\/h3>\n<p class=\"font_8\" style=\"padding-left: 40px;\">Il est utilis\u00e9 pour servir et pr\u00e9parer le riz \u00e0 sushi. Faire tremper la cuill\u00e8re en bambou <strong>TEXOLIQ<\/strong>\u00a0dans de l&rsquo;eau froide avant utilisation, pour \u00e9viter que le riz ne colle. La cuill\u00e8re est fabriqu\u00e9e \u00e0 partir de bambou 100 % naturel.<\/p>\n<hr \/>\n<p>&nbsp;<\/p>\n<h3><span style=\"color: #0b6e0b;\"><strong>\u00a0 \u00a0 \u2705 2 Spatules en Bambou<\/strong><\/span><\/h3>\n<p class=\"font_8\" style=\"padding-left: 40px;\">N&rsquo;oubliez pas que le riz \u00e0 sushi est tr\u00e8s collant\u00a0! Les spatules en bambou <strong>TEXOLIQ<\/strong>\u00a0permettent d&rsquo;\u00e9taler le riz de mani\u00e8re homog\u00e8ne et compacte sans avoir \u00e0 utiliser les mains. Les spatules sont en bambou 100% naturel.<\/p>\n<hr \/>\n<p>&nbsp;<\/p>\n<h3><span style=\"color: #0b6e0b;\"><strong>\u00a0 \u00a0 \u2705 5 Paires de Baguettes de Bambou<\/strong><\/span><\/h3>\n<p style=\"padding-left: 40px;\">Les baguettes <strong>TEXOLIQ<\/strong>\u00a0sont fabriqu\u00e9es en bambou fin et ont des bords sculpt\u00e9s autour des pointes pour vous aider \u00e0 mieux saisir les portions de Sushi.<br \/>\nIls sont traditionnellement utilis\u00e9s comme couverts. Vous pouvez utiliser des baguettes pour d\u00e9guster vos rouleaux de sushi. L&rsquo;utilisation des doigts pour manger des sushis est acceptable dans la culture japonaise!<\/p>\n<hr \/>\n<p>&nbsp;<\/p>\n<h3><span style=\"color: #0b6e0b;\"><strong>\u00a0 \u00a0 \u2705 Sac kit sushis complet bazooka<\/strong><\/span><\/h3>\n<div class=\"containerTop\">\n<div class=\"MuiGrid-root MuiGrid-container\">\n<div class=\"MuiGrid-root MuiGrid-item MuiGrid-grid-xs-12 MuiGrid-grid-sm-12 MuiGrid-grid-md-6 MuiGrid-grid-lg-6 MuiGrid-grid-xl-6\">\n<div class=\"jss493\">\n<div class=\"jss556\">\n<div class=\"MuiPaper-root MuiAccordion-root Mui-expanded MuiPaper-elevation0\">\n<div class=\"MuiCollapse-container MuiCollapse-entered\">\n<div class=\"MuiCollapse-wrapper\">\n<div class=\"MuiCollapse-wrapperInner\">\n<div role=\"region\">\n<div class=\"MuiAccordionDetails-root jss558\">\n<div style=\"padding-left: 40px;\">Vous pouvez ranger tous les accessoires du set <strong>TEXOLIQ<\/strong>\u00a0dans le sac. Le sac est durable et facile \u00e0 nettoyer! La forme le rend pratique, fonctionnel et spacieux. Parfait pour ranger l&rsquo;ensemble <strong>TEXOLIQ<\/strong>\u00a0et pour l&#8217;emporter sur la route.<\/div>\n<div><\/div>\n<\/div>\n<div>\n<hr \/>\n<\/div>\n<\/div>\n<\/div>\n<\/div>\n<\/div>\n<\/div>\n<\/div>\n<\/div>\n<\/div>\n<\/div>\n<\/div>\n<div><\/div>\n<div><\/div>\n<h2 style=\"text-align: center;\"><em><strong><span style=\"color: #59d600;\">Commandez D\u00e8s maintenant votre kit complet de sushis bazooka<\/span><\/strong><\/em><\/h2>\n<div class=\"containerTop\">\n<div class=\"MuiGrid-root MuiGrid-container\">\n<div class=\"MuiGrid-root MuiGrid-item MuiGrid-grid-xs-12 MuiGrid-grid-sm-12 MuiGrid-grid-md-6 MuiGrid-grid-lg-6 MuiGrid-grid-xl-6\">\n<div class=\"jss493\">\n<div class=\"jss556\">\n<div class=\"MuiPaper-root MuiAccordion-root Mui-expanded MuiPaper-elevation0\">\n<div class=\"MuiCollapse-container MuiCollapse-entered\">\n<div class=\"MuiCollapse-wrapper\">\n<div class=\"MuiCollapse-wrapperInner\">\n<div role=\"region\">\n<div class=\"MuiAccordionDetails-root jss558\">\n<div><\/div>\n<\/div>\n<\/div>\n<\/div>\n<\/div>\n<\/div>\n<\/div>\n<\/div>\n<\/div>\n<\/div>\n<\/div>\n<\/div>\n","protected":false},"excerpt":{"rendered":"<p>Kit Sushis Complet Bazooka TEXOLIQ Le kit complet de sushis bazooka comprend \u00a0 \u00a0 \u2705 Bazooka pour les Sushis Savez-vous d\u00e9j\u00e0 faire des sushis? Oubliez \u00e7a, car avec le kit complet de sushis bazooka TEXOLIQ la proc\u00e9dure sera d\u00e9form\u00e9e, simplifi\u00e9e et transform\u00e9e en une v\u00e9ritable formalit\u00e9.\u00a0Le Bazooka pour Sushi est un outil g\u00e9nial qui r\u00e9sout [&hellip;]<\/p>\n","protected":false},"featured_media":5988,"comment_status":"open","ping_status":"closed","template":"","meta":{"ocean_post_layout":"full-width","ocean_both_sidebars_style":"","ocean_both_sidebars_content_width":0,"ocean_both_sidebars_sidebars_width":0,"ocean_sidebar":"0","ocean_second_sidebar":"0","ocean_disable_margins":"enable","ocean_add_body_class":"","ocean_shortcode_before_top_bar":"","ocean_shortcode_after_top_bar":"","ocean_shortcode_before_header":"","ocean_shortcode_after_header":"","ocean_has_shortcode":"","ocean_shortcode_after_title":"","ocean_shortcode_before_footer_widgets":"","ocean_shortcode_after_footer_widgets":"","ocean_shortcode_before_footer_bottom":"","ocean_shortcode_after_footer_bottom":"","ocean_display_top_bar":"default","ocean_display_header":"default","ocean_header_style":"","ocean_center_header_left_menu":"0","ocean_custom_header_template":"0","ocean_custom_logo":0,"ocean_custom_retina_logo":0,"ocean_custom_logo_max_width":0,"ocean_custom_logo_tablet_max_width":0,"ocean_custom_logo_mobile_max_width":0,"ocean_custom_logo_max_height":0,"ocean_custom_logo_tablet_max_height":0,"ocean_custom_logo_mobile_max_height":0,"ocean_header_custom_menu":"0","ocean_menu_typo_font_family":"0","ocean_menu_typo_font_subset":"","ocean_menu_typo_font_size":0,"ocean_menu_typo_font_size_tablet":0,"ocean_menu_typo_font_size_mobile":0,"ocean_menu_typo_font_size_unit":"px","ocean_menu_typo_font_weight":"","ocean_menu_typo_font_weight_tablet":"","ocean_menu_typo_font_weight_mobile":"","ocean_menu_typo_transform":"","ocean_menu_typo_transform_tablet":"","ocean_menu_typo_transform_mobile":"","ocean_menu_typo_line_height":0,"ocean_menu_typo_line_height_tablet":0,"ocean_menu_typo_line_height_mobile":0,"ocean_menu_typo_line_height_unit":"","ocean_menu_typo_spacing":0,"ocean_menu_typo_spacing_tablet":0,"ocean_menu_typo_spacing_mobile":0,"ocean_menu_typo_spacing_unit":"","ocean_menu_link_color":"","ocean_menu_link_color_hover":"","ocean_menu_link_color_active":"","ocean_menu_link_background":"","ocean_menu_link_hover_background":"","ocean_menu_link_active_background":"","ocean_menu_social_links_bg":"","ocean_menu_social_hover_links_bg":"","ocean_menu_social_links_color":"","ocean_menu_social_hover_links_color":"","ocean_disable_title":"on","ocean_disable_heading":"default","ocean_post_title":"","ocean_post_subheading":"","ocean_post_title_style":"","ocean_post_title_background_color":"","ocean_post_title_background":0,"ocean_post_title_bg_image_position":"","ocean_post_title_bg_image_attachment":"","ocean_post_title_bg_image_repeat":"","ocean_post_title_bg_image_size":"","ocean_post_title_height":0,"ocean_post_title_bg_overlay":0.5,"ocean_post_title_bg_overlay_color":"","ocean_disable_breadcrumbs":"default","ocean_breadcrumbs_color":"","ocean_breadcrumbs_separator_color":"","ocean_breadcrumbs_links_color":"","ocean_breadcrumbs_links_hover_color":"","ocean_display_footer_widgets":"default","ocean_display_footer_bottom":"default","ocean_custom_footer_template":"0"},"product_brand":[],"product_cat":[134,142],"product_tag":[168,169,170,257,171,172,173,174,255,256,259,260,262,261,176],"class_list":{"0":"post-3102","1":"product","2":"type-product","3":"status-publish","4":"has-post-thumbnail","6":"product_cat-ensemble-de-cuisine","7":"product_cat-service-a-sushis","8":"product_tag-baguettes","9":"product_tag-bambou","10":"product_tag-bazooka-fr-2","11":"product_tag-cadeau","12":"product_tag-couteau","13":"product_tag-cuilleree-a-soupe","14":"product_tag-cuisine","15":"product_tag-gaine","16":"product_tag-makisu-fr","17":"product_tag-professionnel","18":"product_tag-regler","19":"product_tag-spatule","20":"product_tag-sushi-fr","21":"product_tag-tapis","22":"product_tag-trousse","24":"entry","25":"has-media","27":"first","28":"instock","29":"purchasable","30":"product-type-simple","31":"has-rating","32":"has-product-nav","33":"col","34":"span_1_of_2","35":"owp-content-center","36":"owp-thumbs-layout-horizontal","37":"owp-btn-big","38":"owp-tabs-layout-horizontal"},"yoast_head":"<!-- This site is optimized with the Yoast SEO Premium plugin v20.1 (Yoast SEO v26.5) - https:\/\/yoast.com\/wordpress\/plugins\/seo\/ -->\n<title>KIT SUSHIS COMPLET BAZOOKA - TEXOLIQ\u00ae<\/title>\n<meta name=\"description\" content=\"kit sushis complet bazooka \u2705 TEXOLIQ \u2714\ufe0f ACHETEZ MAINTENANT le set de cuisine professionnel japonais et pr\u00e9parez des sushis maison \u2611\ufe0f COMMANDEZ MAINTENANT\" \/>\n<meta name=\"robots\" content=\"index, follow, max-snippet:-1, max-image-preview:large, max-video-preview:-1\" \/>\n<link rel=\"canonical\" href=\"https:\/\/www.texoliq.com\/fr\/produit\/kit-sushi-complet-avec-appareil-moule-rouleau-a-maki-bazooka-plaquiste-maker-a-sushis\" \/>\n<meta property=\"og:locale\" content=\"fr_FR\" \/>\n<meta property=\"og:type\" content=\"article\" \/>\n<meta property=\"og:title\" content=\"KIT SUSHIS COMPLET BAZOOKA\" \/>\n<meta property=\"og:description\" content=\"kit sushis complet bazooka \u2705 TEXOLIQ \u2714\ufe0f ACHETEZ MAINTENANT le set de cuisine professionnel japonais et pr\u00e9parez des sushis maison \u2611\ufe0f COMMANDEZ MAINTENANT\" \/>\n<meta property=\"og:url\" content=\"https:\/\/www.texoliq.com\/fr\/produit\/kit-sushi-complet-avec-appareil-moule-rouleau-a-maki-bazooka-plaquiste-maker-a-sushis\" \/>\n<meta property=\"og:site_name\" content=\"TEXOLIQ\u00ae\" \/>\n<meta property=\"article:modified_time\" content=\"2024-06-12T08:40:46+00:00\" \/>\n<meta property=\"og:image\" content=\"http:\/\/www.texoliq.com\/wp-content\/uploads\/2022\/03\/1-4.webp\" \/>\n\t<meta property=\"og:image:width\" content=\"1000\" \/>\n\t<meta property=\"og:image:height\" content=\"1000\" \/>\n\t<meta property=\"og:image:type\" content=\"image\/webp\" \/>\n<meta name=\"twitter:card\" content=\"summary_large_image\" \/>\n<meta name=\"twitter:label1\" content=\"Dur\u00e9e de lecture estim\u00e9e\" \/>\n\t<meta name=\"twitter:data1\" content=\"4 minutes\" \/>\n<script type=\"application\/ld+json\" class=\"yoast-schema-graph\">{\"@context\":\"https:\/\/schema.org\",\"@graph\":[{\"@type\":\"WebPage\",\"@id\":\"https:\/\/www.texoliq.com\/fr\/produit\/kit-sushi-complet-avec-appareil-moule-rouleau-a-maki-bazooka-plaquiste-maker-a-sushis\",\"url\":\"https:\/\/www.texoliq.com\/fr\/produit\/kit-sushi-complet-avec-appareil-moule-rouleau-a-maki-bazooka-plaquiste-maker-a-sushis\",\"name\":\"KIT SUSHIS COMPLET BAZOOKA - TEXOLIQ\u00ae\",\"isPartOf\":{\"@id\":\"https:\/\/www.texoliq.com\/fr#website\"},\"primaryImageOfPage\":{\"@id\":\"https:\/\/www.texoliq.com\/fr\/produit\/kit-sushi-complet-avec-appareil-moule-rouleau-a-maki-bazooka-plaquiste-maker-a-sushis#primaryimage\"},\"image\":{\"@id\":\"https:\/\/www.texoliq.com\/fr\/produit\/kit-sushi-complet-avec-appareil-moule-rouleau-a-maki-bazooka-plaquiste-maker-a-sushis#primaryimage\"},\"thumbnailUrl\":\"https:\/\/www.texoliq.com\/wp-content\/uploads\/2022\/03\/1-4.webp\",\"datePublished\":\"2022-03-18T15:14:30+00:00\",\"dateModified\":\"2024-06-12T08:40:46+00:00\",\"description\":\"kit sushis complet bazooka \u2705 TEXOLIQ \u2714\ufe0f ACHETEZ MAINTENANT le set de cuisine professionnel japonais et pr\u00e9parez des sushis maison \u2611\ufe0f COMMANDEZ MAINTENANT\",\"breadcrumb\":{\"@id\":\"https:\/\/www.texoliq.com\/fr\/produit\/kit-sushi-complet-avec-appareil-moule-rouleau-a-maki-bazooka-plaquiste-maker-a-sushis#breadcrumb\"},\"inLanguage\":\"fr-FR\",\"potentialAction\":[{\"@type\":\"ReadAction\",\"target\":[\"https:\/\/www.texoliq.com\/fr\/produit\/kit-sushi-complet-avec-appareil-moule-rouleau-a-maki-bazooka-plaquiste-maker-a-sushis\"]}]},{\"@type\":\"ImageObject\",\"inLanguage\":\"fr-FR\",\"@id\":\"https:\/\/www.texoliq.com\/fr\/produit\/kit-sushi-complet-avec-appareil-moule-rouleau-a-maki-bazooka-plaquiste-maker-a-sushis#primaryimage\",\"url\":\"https:\/\/www.texoliq.com\/wp-content\/uploads\/2022\/03\/1-4.webp\",\"contentUrl\":\"https:\/\/www.texoliq.com\/wp-content\/uploads\/2022\/03\/1-4.webp\",\"width\":1000,\"height\":1000,\"caption\":\"kit sushis complet bazooka\"},{\"@type\":\"BreadcrumbList\",\"@id\":\"https:\/\/www.texoliq.com\/fr\/produit\/kit-sushi-complet-avec-appareil-moule-rouleau-a-maki-bazooka-plaquiste-maker-a-sushis#breadcrumb\",\"itemListElement\":[{\"@type\":\"ListItem\",\"position\":1,\"name\":\"Home\",\"item\":\"https:\/\/www.texoliq.com\/fr\"},{\"@type\":\"ListItem\",\"position\":2,\"name\":\"Shop\",\"item\":\"https:\/\/www.texoliq.com\/negozio\"},{\"@type\":\"ListItem\",\"position\":3,\"name\":\"KIT SUSHIS COMPLET BAZOOKA\"}]},{\"@type\":\"WebSite\",\"@id\":\"https:\/\/www.texoliq.com\/fr#website\",\"url\":\"https:\/\/www.texoliq.com\/fr\",\"name\":\"TEXOLIQ\u00ae\",\"description\":\"Kit sushi\",\"publisher\":{\"@id\":\"https:\/\/www.texoliq.com\/fr#organization\"},\"alternateName\":\"TEXOLIQ\",\"potentialAction\":[{\"@type\":\"SearchAction\",\"target\":{\"@type\":\"EntryPoint\",\"urlTemplate\":\"https:\/\/www.texoliq.com\/fr?s={search_term_string}\"},\"query-input\":{\"@type\":\"PropertyValueSpecification\",\"valueRequired\":true,\"valueName\":\"search_term_string\"}}],\"inLanguage\":\"fr-FR\"},{\"@type\":\"Organization\",\"@id\":\"https:\/\/www.texoliq.com\/fr#organization\",\"name\":\"TEXOLIQ\u00ae\",\"alternateName\":\"TEXOLIQ\",\"url\":\"https:\/\/www.texoliq.com\/fr\",\"logo\":{\"@type\":\"ImageObject\",\"inLanguage\":\"fr-FR\",\"@id\":\"https:\/\/www.texoliq.com\/fr#\/schema\/logo\/image\/\",\"url\":\"http:\/\/www.texoliq.com\/wp-content\/uploads\/2021\/04\/icona-del-sito-circolare-1.png\",\"contentUrl\":\"http:\/\/www.texoliq.com\/wp-content\/uploads\/2021\/04\/icona-del-sito-circolare-1.png\",\"width\":500,\"height\":500,\"caption\":\"TEXOLIQ\u00ae\"},\"image\":{\"@id\":\"https:\/\/www.texoliq.com\/fr#\/schema\/logo\/image\/\"}}]}<\/script>\n<!-- \/ Yoast SEO Premium plugin. -->","yoast_head_json":{"title":"KIT SUSHIS COMPLET BAZOOKA - TEXOLIQ\u00ae","description":"kit sushis complet bazooka \u2705 TEXOLIQ \u2714\ufe0f ACHETEZ MAINTENANT le set de cuisine professionnel japonais et pr\u00e9parez des sushis maison \u2611\ufe0f COMMANDEZ MAINTENANT","robots":{"index":"index","follow":"follow","max-snippet":"max-snippet:-1","max-image-preview":"max-image-preview:large","max-video-preview":"max-video-preview:-1"},"canonical":"https:\/\/www.texoliq.com\/fr\/produit\/kit-sushi-complet-avec-appareil-moule-rouleau-a-maki-bazooka-plaquiste-maker-a-sushis","og_locale":"fr_FR","og_type":"article","og_title":"KIT SUSHIS COMPLET BAZOOKA","og_description":"kit sushis complet bazooka \u2705 TEXOLIQ \u2714\ufe0f ACHETEZ MAINTENANT le set de cuisine professionnel japonais et pr\u00e9parez des sushis maison \u2611\ufe0f COMMANDEZ MAINTENANT","og_url":"https:\/\/www.texoliq.com\/fr\/produit\/kit-sushi-complet-avec-appareil-moule-rouleau-a-maki-bazooka-plaquiste-maker-a-sushis","og_site_name":"TEXOLIQ\u00ae","article_modified_time":"2024-06-12T08:40:46+00:00","og_image":[{"width":1000,"height":1000,"url":"http:\/\/www.texoliq.com\/wp-content\/uploads\/2022\/03\/1-4.webp","type":"image\/webp"}],"twitter_card":"summary_large_image","twitter_misc":{"Dur\u00e9e de lecture estim\u00e9e":"4 minutes"},"schema":{"@context":"https:\/\/schema.org","@graph":[{"@type":"WebPage","@id":"https:\/\/www.texoliq.com\/fr\/produit\/kit-sushi-complet-avec-appareil-moule-rouleau-a-maki-bazooka-plaquiste-maker-a-sushis","url":"https:\/\/www.texoliq.com\/fr\/produit\/kit-sushi-complet-avec-appareil-moule-rouleau-a-maki-bazooka-plaquiste-maker-a-sushis","name":"KIT SUSHIS COMPLET BAZOOKA - TEXOLIQ\u00ae","isPartOf":{"@id":"https:\/\/www.texoliq.com\/fr#website"},"primaryImageOfPage":{"@id":"https:\/\/www.texoliq.com\/fr\/produit\/kit-sushi-complet-avec-appareil-moule-rouleau-a-maki-bazooka-plaquiste-maker-a-sushis#primaryimage"},"image":{"@id":"https:\/\/www.texoliq.com\/fr\/produit\/kit-sushi-complet-avec-appareil-moule-rouleau-a-maki-bazooka-plaquiste-maker-a-sushis#primaryimage"},"thumbnailUrl":"https:\/\/www.texoliq.com\/wp-content\/uploads\/2022\/03\/1-4.webp","datePublished":"2022-03-18T15:14:30+00:00","dateModified":"2024-06-12T08:40:46+00:00","description":"kit sushis complet bazooka \u2705 TEXOLIQ \u2714\ufe0f ACHETEZ MAINTENANT le set de cuisine professionnel japonais et pr\u00e9parez des sushis maison \u2611\ufe0f COMMANDEZ MAINTENANT","breadcrumb":{"@id":"https:\/\/www.texoliq.com\/fr\/produit\/kit-sushi-complet-avec-appareil-moule-rouleau-a-maki-bazooka-plaquiste-maker-a-sushis#breadcrumb"},"inLanguage":"fr-FR","potentialAction":[{"@type":"ReadAction","target":["https:\/\/www.texoliq.com\/fr\/produit\/kit-sushi-complet-avec-appareil-moule-rouleau-a-maki-bazooka-plaquiste-maker-a-sushis"]}]},{"@type":"ImageObject","inLanguage":"fr-FR","@id":"https:\/\/www.texoliq.com\/fr\/produit\/kit-sushi-complet-avec-appareil-moule-rouleau-a-maki-bazooka-plaquiste-maker-a-sushis#primaryimage","url":"https:\/\/www.texoliq.com\/wp-content\/uploads\/2022\/03\/1-4.webp","contentUrl":"https:\/\/www.texoliq.com\/wp-content\/uploads\/2022\/03\/1-4.webp","width":1000,"height":1000,"caption":"kit sushis complet bazooka"},{"@type":"BreadcrumbList","@id":"https:\/\/www.texoliq.com\/fr\/produit\/kit-sushi-complet-avec-appareil-moule-rouleau-a-maki-bazooka-plaquiste-maker-a-sushis#breadcrumb","itemListElement":[{"@type":"ListItem","position":1,"name":"Home","item":"https:\/\/www.texoliq.com\/fr"},{"@type":"ListItem","position":2,"name":"Shop","item":"https:\/\/www.texoliq.com\/negozio"},{"@type":"ListItem","position":3,"name":"KIT SUSHIS COMPLET BAZOOKA"}]},{"@type":"WebSite","@id":"https:\/\/www.texoliq.com\/fr#website","url":"https:\/\/www.texoliq.com\/fr","name":"TEXOLIQ\u00ae","description":"Kit sushi","publisher":{"@id":"https:\/\/www.texoliq.com\/fr#organization"},"alternateName":"TEXOLIQ","potentialAction":[{"@type":"SearchAction","target":{"@type":"EntryPoint","urlTemplate":"https:\/\/www.texoliq.com\/fr?s={search_term_string}"},"query-input":{"@type":"PropertyValueSpecification","valueRequired":true,"valueName":"search_term_string"}}],"inLanguage":"fr-FR"},{"@type":"Organization","@id":"https:\/\/www.texoliq.com\/fr#organization","name":"TEXOLIQ\u00ae","alternateName":"TEXOLIQ","url":"https:\/\/www.texoliq.com\/fr","logo":{"@type":"ImageObject","inLanguage":"fr-FR","@id":"https:\/\/www.texoliq.com\/fr#\/schema\/logo\/image\/","url":"http:\/\/www.texoliq.com\/wp-content\/uploads\/2021\/04\/icona-del-sito-circolare-1.png","contentUrl":"http:\/\/www.texoliq.com\/wp-content\/uploads\/2021\/04\/icona-del-sito-circolare-1.png","width":500,"height":500,"caption":"TEXOLIQ\u00ae"},"image":{"@id":"https:\/\/www.texoliq.com\/fr#\/schema\/logo\/image\/"}}]}},"_links":{"self":[{"href":"https:\/\/www.texoliq.com\/fr\/wp-json\/wp\/v2\/product\/3102","targetHints":{"allow":["GET"]}}],"collection":[{"href":"https:\/\/www.texoliq.com\/fr\/wp-json\/wp\/v2\/product"}],"about":[{"href":"https:\/\/www.texoliq.com\/fr\/wp-json\/wp\/v2\/types\/product"}],"replies":[{"embeddable":true,"href":"https:\/\/www.texoliq.com\/fr\/wp-json\/wp\/v2\/comments?post=3102"}],"wp:featuredmedia":[{"embeddable":true,"href":"https:\/\/www.texoliq.com\/fr\/wp-json\/wp\/v2\/media\/5988"}],"wp:attachment":[{"href":"https:\/\/www.texoliq.com\/fr\/wp-json\/wp\/v2\/media?parent=3102"}],"wp:term":[{"taxonomy":"product_brand","embeddable":true,"href":"https:\/\/www.texoliq.com\/fr\/wp-json\/wp\/v2\/product_brand?post=3102"},{"taxonomy":"product_cat","embeddable":true,"href":"https:\/\/www.texoliq.com\/fr\/wp-json\/wp\/v2\/product_cat?post=3102"},{"taxonomy":"product_tag","embeddable":true,"href":"https:\/\/www.texoliq.com\/fr\/wp-json\/wp\/v2\/product_tag?post=3102"}],"curies":[{"name":"wp","href":"https:\/\/api.w.org\/{rel}","templated":true}]}}