{"id":2770,"date":"2022-03-16T11:31:03","date_gmt":"2022-03-16T11:31:03","guid":{"rendered":"https:\/\/www.texoliq.com\/?post_type=product&#038;p=2770"},"modified":"2023-03-07T12:46:33","modified_gmt":"2023-03-07T12:46:33","slug":"ksiazka-z-przepisami-sushi","status":"publish","type":"product","link":"https:\/\/www.texoliq.com\/pl\/produkt\/ksiazka-z-przepisami-sushi","title":{"rendered":"KSI\u0104\u017bKA Z PRZEPISAMI SUSHI"},"content":{"rendered":"<h1 class=\"font_8\" style=\"padding-left: 40px; text-align: center;\"><span style=\"color: #000000;\">Tre\u015bci zawarte w Twojej ksi\u0105\u017cce kucharskiej TEXOLIQ<\/span><\/h1>\n<p>Czy zwykli ludzie robi\u0105 sushi w domu?<br \/>\nW wi\u0119kszo\u015bci przypadk\u00f3w odpowied\u017a brzmi NIE!<br \/>\nJednak nie musisz by\u0107 prawdziwym Sushi Chefem, aby zrobi\u0107 dobre sushi, prawda? Dlaczego wi\u0119c zwykli ludzie nie mieliby gotowa\u0107 sushi? Po prostu z braku niezb\u0119dnych narz\u0119dzi i\/lub odpowiednich przepis\u00f3w.<br \/>\nDzi\u0119ki ksi\u0105\u017cka z przepisami na sushi TEXOLIQ Przygotowanie sushi mo\u017ce by\u0107 \u0142atwe nawet dla tych, kt\u00f3rzy nigdy nie mieli do\u015bwiadczenia w przyrz\u0105dzaniu sushi. Z t\u0105 ksi\u0105\u017ck\u0105 kucharsk\u0105 nauczysz si\u0119 wszystkich podstawowych technik przygotowywania r\u00f3\u017cnych odmian tego dania.<\/p>\n<h2 style=\"text-align: center;\"><em><strong><span style=\"color: #59d600;\">Zawarto\u015b\u0107 zawarta w cyfrowej ksi\u0105\u017cka z przepisami na sushi<\/span><\/strong><\/em><\/h2>\n<p style=\"text-align: left;\"><span style=\"color: #0b6e0b;\"><strong>\u2705 Przygotowanie Przyprawy do Ry\u017cu<\/strong><\/span><\/p>\n<p>Aby przygotowa\u0107 ry\u017c do sushi, nale\u017cy go przyprawi\u0107 podstawow\u0105 przypraw\u0105 zwan\u0105 sushizu, kt\u00f3ra opr\u00f3cz nadania mu smaku, s\u0142u\u017cy r\u00f3wnie\u017c do zachowania mi\u0119kko\u015bci i delikatno\u015bci ry\u017cu.<\/p>\n<hr \/>\n<p style=\"text-align: left;\"><span style=\"color: #0b6e0b;\"><strong>\u2705 Przygotowanie ry\u017cu do sushi<\/strong><\/span><\/p>\n<p>Ry\u017c do sushi to kluczowy sk\u0142adnik naprawd\u0119 dobrego sushi. Nauka przyrz\u0105dzania jej do perfekcji to podstawa, aby sta\u0107 si\u0119 prawdziwymi ekspertami w kuchni japo\u0144skiej.<\/p>\n<hr \/>\n<p style=\"text-align: left;\"><span style=\"color: #0b6e0b;\"><strong>\u2705 Preparat Hosomaki<\/strong><\/span><\/p>\n<p>Sushi Hosomaki to jeden z wariant\u00f3w maki sushi charakteryzuj\u0105cy si\u0119 tym, \u017ce wodorosty nori znajduj\u0105 si\u0119 na zewn\u0105trz rolki sushi, kt\u00f3ra otacza nadzienie z ry\u017cu i wybranego sk\u0142adnika, ryby lub warzyw.<\/p>\n<hr \/>\n<p style=\"text-align: left;\"><span style=\"color: #0b6e0b;\"><strong>\u2705 Preparat Futomaki<br \/>\n<\/strong><\/span><\/p>\n<p>Futomaki sushi w kuchni japo\u0144skiej to danie sushi wykonane z ry\u017cu sushi (czyli doprawionego octem i cukrem) z jednym lub kilkoma nadzieniami z ryb, warzyw, mi\u0119czak\u00f3w, skorupiak\u00f3w i wodorost\u00f3w.<\/p>\n<hr \/>\n<p style=\"text-align: left;\"><span style=\"color: #0b6e0b;\"><strong>\u2705 Preparat Uramaki<br \/>\n<\/strong><\/span><\/p>\n<p>Uramaki sushi to jedna z najpopularniejszych odmian sushi maki w\u015br\u00f3d mieszka\u0144c\u00f3w Zachodu. W przeciwie\u0144stwie do wszystkich innych rodzaj\u00f3w sushi, w sushi uramaki wodorosty nori s\u0105 umieszczane wewn\u0105trz rolki sushi, a nie na zewn\u0105trz.<\/p>\n<hr \/>\n<p style=\"text-align: left;\"><span style=\"color: #0b6e0b;\"><strong>\u2705 Przygotowanie sushi dla pocz\u0105tkuj\u0105cych<\/strong><\/span><\/p>\n<p>Dzi\u0119ki narz\u0119dziu do bazooki w zestawie do sushi TEXOLIQ przygotowanie sushi nigdy nie by\u0142o \u0142atwiejsze! To innowacyjne narz\u0119dzie pozwala na tworzenie doskona\u0142ych rolek maki sushi nawet dla tych, kt\u00f3rzy nie s\u0105 praktyczni lub nigdy wcze\u015bniej nie przygotowywali maki sushi.<\/p>\n<hr \/>\n<p style=\"text-align: left;\">\n","protected":false},"excerpt":{"rendered":"<p>Tre\u015bci zawarte w Twojej ksi\u0105\u017cce kucharskiej TEXOLIQ Czy zwykli ludzie robi\u0105 sushi w domu? W wi\u0119kszo\u015bci przypadk\u00f3w odpowied\u017a brzmi NIE! Jednak nie musisz by\u0107 prawdziwym Sushi Chefem, aby zrobi\u0107 dobre sushi, prawda? Dlaczego wi\u0119c zwykli ludzie nie mieliby gotowa\u0107 sushi? Po prostu z braku niezb\u0119dnych narz\u0119dzi i\/lub odpowiednich przepis\u00f3w. Dzi\u0119ki ksi\u0105\u017cka z przepisami na sushi [&hellip;]<\/p>\n","protected":false},"featured_media":6128,"comment_status":"open","ping_status":"closed","template":"","meta":{"ocean_post_layout":"full-width","ocean_both_sidebars_style":"","ocean_both_sidebars_content_width":0,"ocean_both_sidebars_sidebars_width":0,"ocean_sidebar":"0","ocean_second_sidebar":"0","ocean_disable_margins":"enable","ocean_add_body_class":"","ocean_shortcode_before_top_bar":"","ocean_shortcode_after_top_bar":"","ocean_shortcode_before_header":"","ocean_shortcode_after_header":"","ocean_has_shortcode":"","ocean_shortcode_after_title":"","ocean_shortcode_before_footer_widgets":"","ocean_shortcode_after_footer_widgets":"","ocean_shortcode_before_footer_bottom":"","ocean_shortcode_after_footer_bottom":"","ocean_display_top_bar":"default","ocean_display_header":"default","ocean_header_style":"","ocean_center_header_left_menu":"0","ocean_custom_header_template":"0","ocean_custom_logo":0,"ocean_custom_retina_logo":0,"ocean_custom_logo_max_width":0,"ocean_custom_logo_tablet_max_width":0,"ocean_custom_logo_mobile_max_width":0,"ocean_custom_logo_max_height":0,"ocean_custom_logo_tablet_max_height":0,"ocean_custom_logo_mobile_max_height":0,"ocean_header_custom_menu":"0","ocean_menu_typo_font_family":"0","ocean_menu_typo_font_subset":"","ocean_menu_typo_font_size":0,"ocean_menu_typo_font_size_tablet":0,"ocean_menu_typo_font_size_mobile":0,"ocean_menu_typo_font_size_unit":"px","ocean_menu_typo_font_weight":"","ocean_menu_typo_font_weight_tablet":"","ocean_menu_typo_font_weight_mobile":"","ocean_menu_typo_transform":"","ocean_menu_typo_transform_tablet":"","ocean_menu_typo_transform_mobile":"","ocean_menu_typo_line_height":0,"ocean_menu_typo_line_height_tablet":0,"ocean_menu_typo_line_height_mobile":0,"ocean_menu_typo_line_height_unit":"","ocean_menu_typo_spacing":0,"ocean_menu_typo_spacing_tablet":0,"ocean_menu_typo_spacing_mobile":0,"ocean_menu_typo_spacing_unit":"","ocean_menu_link_color":"","ocean_menu_link_color_hover":"","ocean_menu_link_color_active":"","ocean_menu_link_background":"","ocean_menu_link_hover_background":"","ocean_menu_link_active_background":"","ocean_menu_social_links_bg":"","ocean_menu_social_hover_links_bg":"","ocean_menu_social_links_color":"","ocean_menu_social_hover_links_color":"","ocean_disable_title":"on","ocean_disable_heading":"default","ocean_post_title":"","ocean_post_subheading":"","ocean_post_title_style":"","ocean_post_title_background_color":"","ocean_post_title_background":0,"ocean_post_title_bg_image_position":"","ocean_post_title_bg_image_attachment":"","ocean_post_title_bg_image_repeat":"","ocean_post_title_bg_image_size":"","ocean_post_title_height":0,"ocean_post_title_bg_overlay":0.5,"ocean_post_title_bg_overlay_color":"","ocean_disable_breadcrumbs":"default","ocean_breadcrumbs_color":"","ocean_breadcrumbs_separator_color":"","ocean_breadcrumbs_links_color":"","ocean_breadcrumbs_links_hover_color":"","ocean_display_footer_widgets":"default","ocean_display_footer_bottom":"default","ocean_custom_footer_template":"0"},"product_brand":[],"product_cat":[120],"product_tag":[195,276,197],"class_list":{"0":"post-2770","1":"product","2":"type-product","3":"status-publish","4":"has-post-thumbnail","6":"product_cat-e-book-pdf-pl","7":"product_tag-instrukcja-obslugi","8":"product_tag-ksiazka-kucharska","9":"product_tag-ksiazka-z-przepisami","11":"entry","12":"has-media","14":"first","15":"instock","16":"downloadable","17":"virtual","18":"purchasable","19":"product-type-simple","20":"has-rating","21":"has-product-nav","22":"col","23":"span_1_of_2","24":"owp-content-center","25":"owp-thumbs-layout-horizontal","26":"owp-btn-big","27":"owp-tabs-layout-horizontal"},"yoast_head":"<!-- This site is optimized with the Yoast SEO Premium plugin v20.1 (Yoast SEO v26.5) - https:\/\/yoast.com\/wordpress\/plugins\/seo\/ -->\n<title>KSI\u0104\u017bKA Z PRZEPISAMI SUSHI - TEXOLIQ\u00ae<\/title>\n<meta name=\"description\" content=\"\u2705 POBIERZ TERAZ cyfrow\u0105 ksi\u0105\u017cka z przepisami na sushi \u2714\ufe0f TEXOLIQ i te\u017c przygotuj\u00a0sushi. \u2611\ufe0f ZAM\u00d3W GO ZA DARMO w wersji cyfrowej.\" \/>\n<meta name=\"robots\" content=\"index, follow, max-snippet:-1, max-image-preview:large, max-video-preview:-1\" \/>\n<link rel=\"canonical\" href=\"https:\/\/www.texoliq.com\/pl\/produkt\/ksiazka-z-przepisami-sushi\" \/>\n<meta property=\"og:locale\" content=\"pl_PL\" \/>\n<meta property=\"og:type\" content=\"article\" \/>\n<meta property=\"og:title\" content=\"KSI\u0104\u017bKA Z PRZEPISAMI SUSHI\" \/>\n<meta property=\"og:description\" content=\"\u2705 POBIERZ TERAZ cyfrow\u0105 ksi\u0105\u017cka z przepisami na sushi \u2714\ufe0f TEXOLIQ i te\u017c przygotuj\u00a0sushi. \u2611\ufe0f ZAM\u00d3W GO ZA DARMO w wersji cyfrowej.\" \/>\n<meta property=\"og:url\" content=\"https:\/\/www.texoliq.com\/pl\/produkt\/ksiazka-z-przepisami-sushi\" \/>\n<meta property=\"og:site_name\" content=\"TEXOLIQ\u00ae\" \/>\n<meta property=\"article:modified_time\" content=\"2023-03-07T12:46:33+00:00\" \/>\n<meta property=\"og:image\" content=\"http:\/\/www.texoliq.com\/wp-content\/uploads\/2022\/03\/1-13.webp\" \/>\n\t<meta property=\"og:image:width\" content=\"1000\" \/>\n\t<meta property=\"og:image:height\" content=\"1000\" \/>\n\t<meta property=\"og:image:type\" content=\"image\/webp\" \/>\n<meta name=\"twitter:card\" content=\"summary_large_image\" \/>\n<meta name=\"twitter:label1\" content=\"Szacowany czas czytania\" \/>\n\t<meta name=\"twitter:data1\" content=\"2 minuty\" \/>\n<script type=\"application\/ld+json\" class=\"yoast-schema-graph\">{\"@context\":\"https:\/\/schema.org\",\"@graph\":[{\"@type\":\"WebPage\",\"@id\":\"https:\/\/www.texoliq.com\/pl\/produkt\/ksiazka-z-przepisami-sushi\",\"url\":\"https:\/\/www.texoliq.com\/pl\/produkt\/ksiazka-z-przepisami-sushi\",\"name\":\"KSI\u0104\u017bKA Z PRZEPISAMI SUSHI - TEXOLIQ\u00ae\",\"isPartOf\":{\"@id\":\"https:\/\/www.texoliq.com\/pl#website\"},\"primaryImageOfPage\":{\"@id\":\"https:\/\/www.texoliq.com\/pl\/produkt\/ksiazka-z-przepisami-sushi#primaryimage\"},\"image\":{\"@id\":\"https:\/\/www.texoliq.com\/pl\/produkt\/ksiazka-z-przepisami-sushi#primaryimage\"},\"thumbnailUrl\":\"https:\/\/www.texoliq.com\/wp-content\/uploads\/2022\/03\/1-13.webp\",\"datePublished\":\"2022-03-16T11:31:03+00:00\",\"dateModified\":\"2023-03-07T12:46:33+00:00\",\"description\":\"\u2705 POBIERZ TERAZ cyfrow\u0105 ksi\u0105\u017cka z przepisami na sushi \u2714\ufe0f TEXOLIQ i te\u017c przygotuj\u00a0sushi. \u2611\ufe0f ZAM\u00d3W GO ZA DARMO w wersji cyfrowej.\",\"breadcrumb\":{\"@id\":\"https:\/\/www.texoliq.com\/pl\/produkt\/ksiazka-z-przepisami-sushi#breadcrumb\"},\"inLanguage\":\"pl-PL\",\"potentialAction\":[{\"@type\":\"ReadAction\",\"target\":[\"https:\/\/www.texoliq.com\/pl\/produkt\/ksiazka-z-przepisami-sushi\"]}]},{\"@type\":\"ImageObject\",\"inLanguage\":\"pl-PL\",\"@id\":\"https:\/\/www.texoliq.com\/pl\/produkt\/ksiazka-z-przepisami-sushi#primaryimage\",\"url\":\"https:\/\/www.texoliq.com\/wp-content\/uploads\/2022\/03\/1-13.webp\",\"contentUrl\":\"https:\/\/www.texoliq.com\/wp-content\/uploads\/2022\/03\/1-13.webp\",\"width\":1000,\"height\":1000,\"caption\":\"ksi\u0105\u017cka z przepisami sushi\"},{\"@type\":\"BreadcrumbList\",\"@id\":\"https:\/\/www.texoliq.com\/pl\/produkt\/ksiazka-z-przepisami-sushi#breadcrumb\",\"itemListElement\":[{\"@type\":\"ListItem\",\"position\":1,\"name\":\"Home\",\"item\":\"https:\/\/www.texoliq.com\/pl\"},{\"@type\":\"ListItem\",\"position\":2,\"name\":\"Shop\",\"item\":\"https:\/\/www.texoliq.com\/negozio\"},{\"@type\":\"ListItem\",\"position\":3,\"name\":\"KSI\u0104\u017bKA Z PRZEPISAMI SUSHI\"}]},{\"@type\":\"WebSite\",\"@id\":\"https:\/\/www.texoliq.com\/pl#website\",\"url\":\"https:\/\/www.texoliq.com\/pl\",\"name\":\"TEXOLIQ\u00ae\",\"description\":\"Kit sushi\",\"publisher\":{\"@id\":\"https:\/\/www.texoliq.com\/pl#organization\"},\"alternateName\":\"TEXOLIQ\",\"potentialAction\":[{\"@type\":\"SearchAction\",\"target\":{\"@type\":\"EntryPoint\",\"urlTemplate\":\"https:\/\/www.texoliq.com\/pl?s={search_term_string}\"},\"query-input\":{\"@type\":\"PropertyValueSpecification\",\"valueRequired\":true,\"valueName\":\"search_term_string\"}}],\"inLanguage\":\"pl-PL\"},{\"@type\":\"Organization\",\"@id\":\"https:\/\/www.texoliq.com\/pl#organization\",\"name\":\"TEXOLIQ\u00ae\",\"alternateName\":\"TEXOLIQ\",\"url\":\"https:\/\/www.texoliq.com\/pl\",\"logo\":{\"@type\":\"ImageObject\",\"inLanguage\":\"pl-PL\",\"@id\":\"https:\/\/www.texoliq.com\/pl#\/schema\/logo\/image\/\",\"url\":\"http:\/\/www.texoliq.com\/wp-content\/uploads\/2021\/04\/icona-del-sito-circolare-1.png\",\"contentUrl\":\"http:\/\/www.texoliq.com\/wp-content\/uploads\/2021\/04\/icona-del-sito-circolare-1.png\",\"width\":500,\"height\":500,\"caption\":\"TEXOLIQ\u00ae\"},\"image\":{\"@id\":\"https:\/\/www.texoliq.com\/pl#\/schema\/logo\/image\/\"}}]}<\/script>\n<!-- \/ Yoast SEO Premium plugin. -->","yoast_head_json":{"title":"KSI\u0104\u017bKA Z PRZEPISAMI SUSHI - TEXOLIQ\u00ae","description":"\u2705 POBIERZ TERAZ cyfrow\u0105 ksi\u0105\u017cka z przepisami na sushi \u2714\ufe0f TEXOLIQ i te\u017c przygotuj\u00a0sushi. \u2611\ufe0f ZAM\u00d3W GO ZA DARMO w wersji cyfrowej.","robots":{"index":"index","follow":"follow","max-snippet":"max-snippet:-1","max-image-preview":"max-image-preview:large","max-video-preview":"max-video-preview:-1"},"canonical":"https:\/\/www.texoliq.com\/pl\/produkt\/ksiazka-z-przepisami-sushi","og_locale":"pl_PL","og_type":"article","og_title":"KSI\u0104\u017bKA Z PRZEPISAMI SUSHI","og_description":"\u2705 POBIERZ TERAZ cyfrow\u0105 ksi\u0105\u017cka z przepisami na sushi \u2714\ufe0f TEXOLIQ i te\u017c przygotuj\u00a0sushi. \u2611\ufe0f ZAM\u00d3W GO ZA DARMO w wersji cyfrowej.","og_url":"https:\/\/www.texoliq.com\/pl\/produkt\/ksiazka-z-przepisami-sushi","og_site_name":"TEXOLIQ\u00ae","article_modified_time":"2023-03-07T12:46:33+00:00","og_image":[{"width":1000,"height":1000,"url":"http:\/\/www.texoliq.com\/wp-content\/uploads\/2022\/03\/1-13.webp","type":"image\/webp"}],"twitter_card":"summary_large_image","twitter_misc":{"Szacowany czas czytania":"2 minuty"},"schema":{"@context":"https:\/\/schema.org","@graph":[{"@type":"WebPage","@id":"https:\/\/www.texoliq.com\/pl\/produkt\/ksiazka-z-przepisami-sushi","url":"https:\/\/www.texoliq.com\/pl\/produkt\/ksiazka-z-przepisami-sushi","name":"KSI\u0104\u017bKA Z PRZEPISAMI SUSHI - TEXOLIQ\u00ae","isPartOf":{"@id":"https:\/\/www.texoliq.com\/pl#website"},"primaryImageOfPage":{"@id":"https:\/\/www.texoliq.com\/pl\/produkt\/ksiazka-z-przepisami-sushi#primaryimage"},"image":{"@id":"https:\/\/www.texoliq.com\/pl\/produkt\/ksiazka-z-przepisami-sushi#primaryimage"},"thumbnailUrl":"https:\/\/www.texoliq.com\/wp-content\/uploads\/2022\/03\/1-13.webp","datePublished":"2022-03-16T11:31:03+00:00","dateModified":"2023-03-07T12:46:33+00:00","description":"\u2705 POBIERZ TERAZ cyfrow\u0105 ksi\u0105\u017cka z przepisami na sushi \u2714\ufe0f TEXOLIQ i te\u017c przygotuj\u00a0sushi. \u2611\ufe0f ZAM\u00d3W GO ZA DARMO w wersji cyfrowej.","breadcrumb":{"@id":"https:\/\/www.texoliq.com\/pl\/produkt\/ksiazka-z-przepisami-sushi#breadcrumb"},"inLanguage":"pl-PL","potentialAction":[{"@type":"ReadAction","target":["https:\/\/www.texoliq.com\/pl\/produkt\/ksiazka-z-przepisami-sushi"]}]},{"@type":"ImageObject","inLanguage":"pl-PL","@id":"https:\/\/www.texoliq.com\/pl\/produkt\/ksiazka-z-przepisami-sushi#primaryimage","url":"https:\/\/www.texoliq.com\/wp-content\/uploads\/2022\/03\/1-13.webp","contentUrl":"https:\/\/www.texoliq.com\/wp-content\/uploads\/2022\/03\/1-13.webp","width":1000,"height":1000,"caption":"ksi\u0105\u017cka z przepisami sushi"},{"@type":"BreadcrumbList","@id":"https:\/\/www.texoliq.com\/pl\/produkt\/ksiazka-z-przepisami-sushi#breadcrumb","itemListElement":[{"@type":"ListItem","position":1,"name":"Home","item":"https:\/\/www.texoliq.com\/pl"},{"@type":"ListItem","position":2,"name":"Shop","item":"https:\/\/www.texoliq.com\/negozio"},{"@type":"ListItem","position":3,"name":"KSI\u0104\u017bKA Z PRZEPISAMI SUSHI"}]},{"@type":"WebSite","@id":"https:\/\/www.texoliq.com\/pl#website","url":"https:\/\/www.texoliq.com\/pl","name":"TEXOLIQ\u00ae","description":"Kit sushi","publisher":{"@id":"https:\/\/www.texoliq.com\/pl#organization"},"alternateName":"TEXOLIQ","potentialAction":[{"@type":"SearchAction","target":{"@type":"EntryPoint","urlTemplate":"https:\/\/www.texoliq.com\/pl?s={search_term_string}"},"query-input":{"@type":"PropertyValueSpecification","valueRequired":true,"valueName":"search_term_string"}}],"inLanguage":"pl-PL"},{"@type":"Organization","@id":"https:\/\/www.texoliq.com\/pl#organization","name":"TEXOLIQ\u00ae","alternateName":"TEXOLIQ","url":"https:\/\/www.texoliq.com\/pl","logo":{"@type":"ImageObject","inLanguage":"pl-PL","@id":"https:\/\/www.texoliq.com\/pl#\/schema\/logo\/image\/","url":"http:\/\/www.texoliq.com\/wp-content\/uploads\/2021\/04\/icona-del-sito-circolare-1.png","contentUrl":"http:\/\/www.texoliq.com\/wp-content\/uploads\/2021\/04\/icona-del-sito-circolare-1.png","width":500,"height":500,"caption":"TEXOLIQ\u00ae"},"image":{"@id":"https:\/\/www.texoliq.com\/pl#\/schema\/logo\/image\/"}}]}},"_links":{"self":[{"href":"https:\/\/www.texoliq.com\/pl\/wp-json\/wp\/v2\/product\/2770","targetHints":{"allow":["GET"]}}],"collection":[{"href":"https:\/\/www.texoliq.com\/pl\/wp-json\/wp\/v2\/product"}],"about":[{"href":"https:\/\/www.texoliq.com\/pl\/wp-json\/wp\/v2\/types\/product"}],"replies":[{"embeddable":true,"href":"https:\/\/www.texoliq.com\/pl\/wp-json\/wp\/v2\/comments?post=2770"}],"wp:featuredmedia":[{"embeddable":true,"href":"https:\/\/www.texoliq.com\/pl\/wp-json\/wp\/v2\/media\/6128"}],"wp:attachment":[{"href":"https:\/\/www.texoliq.com\/pl\/wp-json\/wp\/v2\/media?parent=2770"}],"wp:term":[{"taxonomy":"product_brand","embeddable":true,"href":"https:\/\/www.texoliq.com\/pl\/wp-json\/wp\/v2\/product_brand?post=2770"},{"taxonomy":"product_cat","embeddable":true,"href":"https:\/\/www.texoliq.com\/pl\/wp-json\/wp\/v2\/product_cat?post=2770"},{"taxonomy":"product_tag","embeddable":true,"href":"https:\/\/www.texoliq.com\/pl\/wp-json\/wp\/v2\/product_tag?post=2770"}],"curies":[{"name":"wp","href":"https:\/\/api.w.org\/{rel}","templated":true}]}}