{"id":3553,"date":"2022-03-19T14:08:20","date_gmt":"2022-03-19T13:08:20","guid":{"rendered":"https:\/\/www.texoliq.com\/?post_type=product&#038;p=3553"},"modified":"2023-10-16T13:53:50","modified_gmt":"2023-10-16T12:53:50","slug":"zestaw-do-sushi-bazooki-kompletny-profesjonalny","status":"publish","type":"product","link":"https:\/\/www.texoliq.com\/pl\/produkt\/zestaw-do-sushi-bazooki-kompletny-profesjonalny","title":{"rendered":"ZESTAW DO SUSHI BAZOOKI"},"content":{"rendered":"<h1 class=\"font_8\" style=\"padding-left: 40px; text-align: center;\"><span style=\"color: #000000;\">Zestaw do Sushi Bazooki TEXOLIQ<\/span><\/h1>\n<h2 style=\"text-align: center;\"><em><strong><span style=\"color: #59d600;\">zestaw do sushi bazooki zawiera<\/span><\/strong><\/em><\/h2>\n<h3><span style=\"color: #0b6e0b;\"><strong>\u00a0 \u00a0 \u2705 Bazooka do Sushi<\/strong><\/span><\/h3>\n<div id=\"product-p\" class=\"collapse in\" aria-expanded=\"true\">\n<p style=\"padding-left: 40px;\">Czy wiesz ju\u017c, jak zrobi\u0107 sushi? Zapomnij o tym, poniewa\u017c z zestaw do sushi bazooki procedura zostanie zniekszta\u0142cona, uproszczona i uczyniona prawdziw\u0105 formalno\u015bci\u0105. Bazooka do sushi to genialne narz\u0119dzie, kt\u00f3re rozwi\u0105zuje najwi\u0119ksze problemy zwi\u0105zane z przygotowywaniem sushi. Je\u015bli zawsze marzy\u0142e\u015b o przygotowaniu sushi w domu, ale zrezygnowa\u0142e\u015b, bo uwa\u017ca\u0142e\u015b, \u017ce to zbyt skomplikowane, to <strong>TEXOLIQ<\/strong>\u00a0Bazooka sk\u0142oni Ci\u0119 do ponownego przemy\u015blenia.<br \/>\nDo kuchni japo\u0144skiej mo\u017cna podej\u015b\u0107 w spos\u00f3b mi\u0119kki, a je\u015bli wynik nas zadowala, mo\u017cna te\u017c spr\u00f3bowa\u0107 swoich si\u0142 w bardziej skomplikowanych przygotowaniach, by\u0107 mo\u017ce wed\u0142ug tradycyjnej metody.<br \/>\n<strong>TEXOLIQ<\/strong>\u00a0Bazooka jest wykonana z najwy\u017cszej jako\u015bci trwa\u0142ego materia\u0142u, kt\u00f3ry spe\u0142nia wszystkie europejskie standardy i mo\u017cna go my\u0107 w zmywarce.<\/p>\n<hr \/>\n<\/div>\n<p>&nbsp;<\/p>\n<h3><span style=\"color: #0b6e0b;\"><strong>\u00a0 \u00a0 \u2705 Profesjonalny N\u00f3\u017c do Sushi<\/strong><\/span><\/h3>\n<p style=\"padding-left: 40px;\">Je\u015bli si\u0119 nad tym zastanowi\u0107, istnieje naprawd\u0119 wiele r\u00f3\u017cnych etap\u00f3w, w kt\u00f3rych u\u017cycie no\u017ca jest niezb\u0119dne do przygotowania sushi. Pokr\u00f3j ryb\u0119, warzywa, owoce, filet i na koniec pokr\u00f3j w\u0142a\u015bnie utworzon\u0105 bu\u0142k\u0119. Profesjonalny n\u00f3\u017c do sushi <strong>TEXOLIQ<\/strong>\u00a0zosta\u0142 zaprojektowany tak, aby wszystkie te operacje wykonywa\u0107 w najlepszy mo\u017cliwy spos\u00f3b.<br \/>\nR\u0119koje\u015b\u0107 posiada wygodny uchwyt, kt\u00f3ry umo\u017cliwia ci\u0119cie pod r\u00f3\u017cnym k\u0105tem. Perforowane ostrze zawsze pozwala na czyste i precyzyjne ci\u0119cie, bez uszkadzania sk\u0142adnik\u00f3w.<\/p>\n<hr \/>\n<p>&nbsp;<\/p>\n<h3><span style=\"color: #0b6e0b;\"><strong>\u00a0 \u00a0 \u2705 Os\u0142ona no\u017ca<\/strong><\/span><\/h3>\n<p style=\"padding-left: 40px;\">N\u00f3\u017c bez os\u0142ony chroni\u0105cej ostrze nie jest \u0142atwy do transportu z zachowaniem pe\u0142nego bezpiecze\u0144stwa. Z tego powodu zestaw <strong>TEXOLIQ<\/strong>\u00a0zawiera r\u00f3wnie\u017c pochewk\u0119 no\u017ca.<br \/>\nG\u0142\u00f3wnymi funkcjami pochewki s\u0105: bezpieczny transport no\u017ca, ochrona kraw\u0119dzi ostrza oraz ochrona przed uszkodzeniem spowodowanym przypadkowym upadkiem no\u017ca.<\/p>\n<hr \/>\n<p>&nbsp;<\/p>\n<h3><span style=\"color: #0b6e0b;\"><strong>\u00a0 \u00a0 \u2705 2 Maty Bambusowe<\/strong><\/span><\/h3>\n<p style=\"padding-left: 40px;\">Maty wykonane s\u0105 w 100% z wysokiej jako\u015bci naturalnych bambusowych patyczk\u00f3w, tkanych bawe\u0142nianymi ni\u0107mi.<br \/>\nZdecydowanie zaleca si\u0119 przykrycie maty foli\u0105 spo\u017cywcz\u0105, aby zapobiec utkni\u0119ciu ziaren ry\u017cu mi\u0119dzy bambusowymi pa\u0142eczkami. Zabezpieczenie maty foli\u0105 r\u00f3wnie\u017c znacznie u\u0142atwia czyszczenie!<br \/>\nNie wk\u0142adaj mat bambusowych do zmywarki! Po ka\u017cdym u\u017cyciu delikatnie przetrzyj mat\u0119 \u0142agodnym myd\u0142em i wod\u0105. Upewnij si\u0119, \u017ce z ry\u017cu nie pozosta\u0142o krochmal i pozw\u00f3l matowi ca\u0142kowicie wyschn\u0105\u0107 przed przechowywaniem.<\/p>\n<hr \/>\n<p>&nbsp;<\/p>\n<h3><span style=\"color: #0b6e0b;\"><strong>\u00a0 \u00a0 \u2705 \u0141y\u017cka Bambusowa<\/strong><\/span><\/h3>\n<p class=\"font_8\" style=\"padding-left: 40px;\">S\u0142u\u017cy do serwowania i przygotowywania ry\u017cu do sushi. Przed u\u017cyciem namocz bambusow\u0105 \u0142y\u017ck\u0119 <strong>TEXOLIQ<\/strong>\u00a0w zimnej wodzie, aby zapobiec przywieraniu ry\u017cu. \u0141y\u017ceczka wykonana jest w 100% z naturalnego bambusa.<\/p>\n<hr \/>\n<p>&nbsp;<\/p>\n<h3><span style=\"color: #0b6e0b;\"><strong>\u00a0 \u00a0 \u2705 2 Szpatu\u0142ki Bambusowe<\/strong><\/span><\/h3>\n<p class=\"font_8\" style=\"padding-left: 40px;\">Pami\u0119taj, ry\u017c do sushi jest bardzo lepki! Bambusowe szpatu\u0142ki <strong>TEXOLIQ<\/strong>\u00a0pomagaj\u0105 r\u00f3wnomiernie i g\u0119sto rozprowadzi\u0107 ry\u017c bez konieczno\u015bci u\u017cywania r\u0105k. Szpatu\u0142ki wykonane s\u0105 w 100% z naturalnego bambusa.<\/p>\n<hr \/>\n<p>&nbsp;<\/p>\n<h3><span style=\"color: #0b6e0b;\"><strong>\u00a0 \u00a0 \u2705 5 Par Pa\u0142eczek<\/strong><\/span><\/h3>\n<p style=\"padding-left: 40px;\">Pa\u0142eczki <strong>TEXOLIQ<\/strong>\u00a0s\u0105 wykonane z delikatnego bambusa i maj\u0105 rze\u017abione kraw\u0119dzie wok\u00f3\u0142 ko\u0144c\u00f3wek, kt\u00f3re u\u0142atwiaj\u0105 uchwycenie porcji sushi.<br \/>\nS\u0105 tradycyjnie u\u017cywane jako sztu\u0107ce. Mo\u017cesz u\u017cy\u0107 pa\u0142eczek, aby cieszy\u0107 si\u0119 sushi. U\u017cywanie palc\u00f3w podczas jedzenia sushi jest dopuszczalne w kulturze japo\u0144skiej!<\/p>\n<hr \/>\n<p>&nbsp;<\/p>\n<h3><span style=\"color: #0b6e0b;\"><strong>\u00a0 \u00a0 \u2705 Torba zestaw do sushi bazooki<\/strong><\/span><\/h3>\n<div class=\"containerTop\">\n<div class=\"MuiGrid-root MuiGrid-container\">\n<div class=\"MuiGrid-root MuiGrid-item MuiGrid-grid-xs-12 MuiGrid-grid-sm-12 MuiGrid-grid-md-6 MuiGrid-grid-lg-6 MuiGrid-grid-xl-6\">\n<div class=\"jss493\">\n<div class=\"jss556\">\n<div class=\"MuiPaper-root MuiAccordion-root Mui-expanded MuiPaper-elevation0\">\n<div class=\"MuiCollapse-container MuiCollapse-entered\">\n<div class=\"MuiCollapse-wrapper\">\n<div class=\"MuiCollapse-wrapperInner\">\n<div role=\"region\">\n<div class=\"MuiAccordionDetails-root jss558\">\n<div style=\"padding-left: 40px;\">W torbie mo\u017cesz przechowywa\u0107 wszystkie akcesoria z zestawu <strong>TEXOLIQ<\/strong>. Torba jest trwa\u0142a i \u0142atwa w utrzymaniu czysto\u015bci! Kszta\u0142t sprawia, \u017ce \u200b\u200bjest praktyczna, funkcjonalna i pojemna. Idealny do przechowywania zestawu <strong>TEXOLIQ<\/strong>\u00a0i zabrania go w drog\u0119.<\/div>\n<div><\/div>\n<div>\n<hr \/>\n<\/div>\n<\/div>\n<\/div>\n<\/div>\n<\/div>\n<\/div>\n<\/div>\n<\/div>\n<\/div>\n<\/div>\n<\/div>\n<\/div>\n<div><\/div>\n<h2 style=\"text-align: center;\"><em><strong><span style=\"color: #59d600;\">Ju\u017c teraz zam\u00f3w zestaw do sushi bazooki TEXOLIQ<\/span><\/strong><\/em><\/h2>\n","protected":false},"excerpt":{"rendered":"<p>Zestaw do Sushi Bazooki TEXOLIQ zestaw do sushi bazooki zawiera \u00a0 \u00a0 \u2705 Bazooka do Sushi Czy wiesz ju\u017c, jak zrobi\u0107 sushi? Zapomnij o tym, poniewa\u017c z zestaw do sushi bazooki procedura zostanie zniekszta\u0142cona, uproszczona i uczyniona prawdziw\u0105 formalno\u015bci\u0105. Bazooka do sushi to genialne narz\u0119dzie, kt\u00f3re rozwi\u0105zuje najwi\u0119ksze problemy zwi\u0105zane z przygotowywaniem sushi. Je\u015bli zawsze [&hellip;]<\/p>\n","protected":false},"featured_media":6119,"comment_status":"open","ping_status":"closed","template":"","meta":{"ocean_post_layout":"full-width","ocean_both_sidebars_style":"","ocean_both_sidebars_content_width":0,"ocean_both_sidebars_sidebars_width":0,"ocean_sidebar":"0","ocean_second_sidebar":"0","ocean_disable_margins":"enable","ocean_add_body_class":"","ocean_shortcode_before_top_bar":"","ocean_shortcode_after_top_bar":"","ocean_shortcode_before_header":"","ocean_shortcode_after_header":"","ocean_has_shortcode":"","ocean_shortcode_after_title":"","ocean_shortcode_before_footer_widgets":"","ocean_shortcode_after_footer_widgets":"","ocean_shortcode_before_footer_bottom":"","ocean_shortcode_after_footer_bottom":"","ocean_display_top_bar":"default","ocean_display_header":"default","ocean_header_style":"","ocean_center_header_left_menu":"0","ocean_custom_header_template":"0","ocean_custom_logo":0,"ocean_custom_retina_logo":0,"ocean_custom_logo_max_width":0,"ocean_custom_logo_tablet_max_width":0,"ocean_custom_logo_mobile_max_width":0,"ocean_custom_logo_max_height":0,"ocean_custom_logo_tablet_max_height":0,"ocean_custom_logo_mobile_max_height":0,"ocean_header_custom_menu":"0","ocean_menu_typo_font_family":"0","ocean_menu_typo_font_subset":"","ocean_menu_typo_font_size":0,"ocean_menu_typo_font_size_tablet":0,"ocean_menu_typo_font_size_mobile":0,"ocean_menu_typo_font_size_unit":"px","ocean_menu_typo_font_weight":"","ocean_menu_typo_font_weight_tablet":"","ocean_menu_typo_font_weight_mobile":"","ocean_menu_typo_transform":"","ocean_menu_typo_transform_tablet":"","ocean_menu_typo_transform_mobile":"","ocean_menu_typo_line_height":0,"ocean_menu_typo_line_height_tablet":0,"ocean_menu_typo_line_height_mobile":0,"ocean_menu_typo_line_height_unit":"","ocean_menu_typo_spacing":0,"ocean_menu_typo_spacing_tablet":0,"ocean_menu_typo_spacing_mobile":0,"ocean_menu_typo_spacing_unit":"","ocean_menu_link_color":"","ocean_menu_link_color_hover":"","ocean_menu_link_color_active":"","ocean_menu_link_background":"","ocean_menu_link_hover_background":"","ocean_menu_link_active_background":"","ocean_menu_social_links_bg":"","ocean_menu_social_hover_links_bg":"","ocean_menu_social_links_color":"","ocean_menu_social_hover_links_color":"","ocean_disable_title":"on","ocean_disable_heading":"default","ocean_post_title":"","ocean_post_subheading":"","ocean_post_title_style":"","ocean_post_title_background_color":"","ocean_post_title_background":0,"ocean_post_title_bg_image_position":"","ocean_post_title_bg_image_attachment":"","ocean_post_title_bg_image_repeat":"","ocean_post_title_bg_image_size":"","ocean_post_title_height":0,"ocean_post_title_bg_overlay":0.5,"ocean_post_title_bg_overlay_color":"","ocean_disable_breadcrumbs":"default","ocean_breadcrumbs_color":"","ocean_breadcrumbs_separator_color":"","ocean_breadcrumbs_links_color":"","ocean_breadcrumbs_links_hover_color":"","ocean_display_footer_widgets":"default","ocean_display_footer_bottom":"default","ocean_custom_footer_template":"0"},"product_brand":[],"product_cat":[144,136],"product_tag":[189,190,193,192,273,279,191,194,188,275,274,280,278,277,196],"class_list":{"0":"post-3553","1":"product","2":"type-product","3":"status-publish","4":"has-post-thumbnail","6":"product_cat-zestaw-do-sushi","7":"product_cat-zestaw-kuchenny","8":"product_tag-bambus-pl-2","9":"product_tag-bazooka-pl","10":"product_tag-kuchnia","11":"product_tag-lyzka","12":"product_tag-makisu-pl","13":"product_tag-mata","14":"product_tag-noz","15":"product_tag-oslona","16":"product_tag-paleczki-do-jedzenia","17":"product_tag-prezent","18":"product_tag-profesjonalny","19":"product_tag-sushi-pl","20":"product_tag-szpachelka","21":"product_tag-ustawic","22":"product_tag-zestaw","24":"entry","25":"has-media","27":"first","28":"instock","29":"purchasable","30":"product-type-simple","31":"has-rating","32":"has-product-nav","33":"col","34":"span_1_of_2","35":"owp-content-center","36":"owp-thumbs-layout-horizontal","37":"owp-btn-big","38":"owp-tabs-layout-horizontal"},"yoast_head":"<!-- This site is optimized with the Yoast SEO Premium plugin v20.1 (Yoast SEO v26.5) - https:\/\/yoast.com\/wordpress\/plugins\/seo\/ -->\n<title>ZESTAW DO SUSHI BAZOOKI - TEXOLIQ\u00ae<\/title>\n<meta name=\"description\" content=\"Zestaw do robienia sushi bazooki \u2705 TEXOLIQ \u2714\ufe0f KUP TERAZ japo\u0144ski profesjonalny zestaw do gotowania i przygotuj domowe sushi. \u2611\ufe0f ZAM\u00d3W TERAZ.\" \/>\n<meta name=\"robots\" content=\"index, follow, max-snippet:-1, max-image-preview:large, max-video-preview:-1\" \/>\n<link rel=\"canonical\" href=\"https:\/\/www.texoliq.com\/pl\/produkt\/zestaw-do-sushi-bazooki-kompletny-profesjonalny\" \/>\n<meta property=\"og:locale\" content=\"pl_PL\" \/>\n<meta property=\"og:type\" content=\"article\" \/>\n<meta property=\"og:title\" content=\"ZESTAW DO SUSHI BAZOOKI\" \/>\n<meta property=\"og:description\" content=\"Zestaw do robienia sushi bazooki \u2705 TEXOLIQ \u2714\ufe0f KUP TERAZ japo\u0144ski profesjonalny zestaw do gotowania i przygotuj domowe sushi. \u2611\ufe0f ZAM\u00d3W TERAZ.\" \/>\n<meta property=\"og:url\" content=\"https:\/\/www.texoliq.com\/pl\/produkt\/zestaw-do-sushi-bazooki-kompletny-profesjonalny\" \/>\n<meta property=\"og:site_name\" content=\"TEXOLIQ\u00ae\" \/>\n<meta property=\"article:modified_time\" content=\"2023-10-16T12:53:50+00:00\" \/>\n<meta property=\"og:image\" content=\"http:\/\/www.texoliq.com\/wp-content\/uploads\/2022\/03\/1-12.webp\" \/>\n\t<meta property=\"og:image:width\" content=\"1000\" \/>\n\t<meta property=\"og:image:height\" content=\"1000\" \/>\n\t<meta property=\"og:image:type\" content=\"image\/webp\" \/>\n<meta name=\"twitter:card\" content=\"summary_large_image\" \/>\n<meta name=\"twitter:label1\" content=\"Szacowany czas czytania\" \/>\n\t<meta name=\"twitter:data1\" content=\"3 minuty\" \/>\n<script type=\"application\/ld+json\" class=\"yoast-schema-graph\">{\"@context\":\"https:\/\/schema.org\",\"@graph\":[{\"@type\":\"WebPage\",\"@id\":\"https:\/\/www.texoliq.com\/pl\/produkt\/zestaw-do-sushi-bazooki-kompletny-profesjonalny\",\"url\":\"https:\/\/www.texoliq.com\/pl\/produkt\/zestaw-do-sushi-bazooki-kompletny-profesjonalny\",\"name\":\"ZESTAW DO SUSHI BAZOOKI - TEXOLIQ\u00ae\",\"isPartOf\":{\"@id\":\"https:\/\/www.texoliq.com\/pl#website\"},\"primaryImageOfPage\":{\"@id\":\"https:\/\/www.texoliq.com\/pl\/produkt\/zestaw-do-sushi-bazooki-kompletny-profesjonalny#primaryimage\"},\"image\":{\"@id\":\"https:\/\/www.texoliq.com\/pl\/produkt\/zestaw-do-sushi-bazooki-kompletny-profesjonalny#primaryimage\"},\"thumbnailUrl\":\"https:\/\/www.texoliq.com\/wp-content\/uploads\/2022\/03\/1-12.webp\",\"datePublished\":\"2022-03-19T13:08:20+00:00\",\"dateModified\":\"2023-10-16T12:53:50+00:00\",\"description\":\"Zestaw do robienia sushi bazooki \u2705 TEXOLIQ \u2714\ufe0f KUP TERAZ japo\u0144ski profesjonalny zestaw do gotowania i przygotuj domowe sushi. \u2611\ufe0f ZAM\u00d3W TERAZ.\",\"breadcrumb\":{\"@id\":\"https:\/\/www.texoliq.com\/pl\/produkt\/zestaw-do-sushi-bazooki-kompletny-profesjonalny#breadcrumb\"},\"inLanguage\":\"pl-PL\",\"potentialAction\":[{\"@type\":\"ReadAction\",\"target\":[\"https:\/\/www.texoliq.com\/pl\/produkt\/zestaw-do-sushi-bazooki-kompletny-profesjonalny\"]}]},{\"@type\":\"ImageObject\",\"inLanguage\":\"pl-PL\",\"@id\":\"https:\/\/www.texoliq.com\/pl\/produkt\/zestaw-do-sushi-bazooki-kompletny-profesjonalny#primaryimage\",\"url\":\"https:\/\/www.texoliq.com\/wp-content\/uploads\/2022\/03\/1-12.webp\",\"contentUrl\":\"https:\/\/www.texoliq.com\/wp-content\/uploads\/2022\/03\/1-12.webp\",\"width\":1000,\"height\":1000,\"caption\":\"zestaw do sushi bazooki\"},{\"@type\":\"BreadcrumbList\",\"@id\":\"https:\/\/www.texoliq.com\/pl\/produkt\/zestaw-do-sushi-bazooki-kompletny-profesjonalny#breadcrumb\",\"itemListElement\":[{\"@type\":\"ListItem\",\"position\":1,\"name\":\"Home\",\"item\":\"https:\/\/www.texoliq.com\/pl\"},{\"@type\":\"ListItem\",\"position\":2,\"name\":\"Shop\",\"item\":\"https:\/\/www.texoliq.com\/negozio\"},{\"@type\":\"ListItem\",\"position\":3,\"name\":\"ZESTAW DO SUSHI BAZOOKI\"}]},{\"@type\":\"WebSite\",\"@id\":\"https:\/\/www.texoliq.com\/pl#website\",\"url\":\"https:\/\/www.texoliq.com\/pl\",\"name\":\"TEXOLIQ\u00ae\",\"description\":\"Kit sushi\",\"publisher\":{\"@id\":\"https:\/\/www.texoliq.com\/pl#organization\"},\"alternateName\":\"TEXOLIQ\",\"potentialAction\":[{\"@type\":\"SearchAction\",\"target\":{\"@type\":\"EntryPoint\",\"urlTemplate\":\"https:\/\/www.texoliq.com\/pl?s={search_term_string}\"},\"query-input\":{\"@type\":\"PropertyValueSpecification\",\"valueRequired\":true,\"valueName\":\"search_term_string\"}}],\"inLanguage\":\"pl-PL\"},{\"@type\":\"Organization\",\"@id\":\"https:\/\/www.texoliq.com\/pl#organization\",\"name\":\"TEXOLIQ\u00ae\",\"alternateName\":\"TEXOLIQ\",\"url\":\"https:\/\/www.texoliq.com\/pl\",\"logo\":{\"@type\":\"ImageObject\",\"inLanguage\":\"pl-PL\",\"@id\":\"https:\/\/www.texoliq.com\/pl#\/schema\/logo\/image\/\",\"url\":\"http:\/\/www.texoliq.com\/wp-content\/uploads\/2021\/04\/icona-del-sito-circolare-1.png\",\"contentUrl\":\"http:\/\/www.texoliq.com\/wp-content\/uploads\/2021\/04\/icona-del-sito-circolare-1.png\",\"width\":500,\"height\":500,\"caption\":\"TEXOLIQ\u00ae\"},\"image\":{\"@id\":\"https:\/\/www.texoliq.com\/pl#\/schema\/logo\/image\/\"}}]}<\/script>\n<!-- \/ Yoast SEO Premium plugin. -->","yoast_head_json":{"title":"ZESTAW DO SUSHI BAZOOKI - TEXOLIQ\u00ae","description":"Zestaw do robienia sushi bazooki \u2705 TEXOLIQ \u2714\ufe0f KUP TERAZ japo\u0144ski profesjonalny zestaw do gotowania i przygotuj domowe sushi. \u2611\ufe0f ZAM\u00d3W TERAZ.","robots":{"index":"index","follow":"follow","max-snippet":"max-snippet:-1","max-image-preview":"max-image-preview:large","max-video-preview":"max-video-preview:-1"},"canonical":"https:\/\/www.texoliq.com\/pl\/produkt\/zestaw-do-sushi-bazooki-kompletny-profesjonalny","og_locale":"pl_PL","og_type":"article","og_title":"ZESTAW DO SUSHI BAZOOKI","og_description":"Zestaw do robienia sushi bazooki \u2705 TEXOLIQ \u2714\ufe0f KUP TERAZ japo\u0144ski profesjonalny zestaw do gotowania i przygotuj domowe sushi. \u2611\ufe0f ZAM\u00d3W TERAZ.","og_url":"https:\/\/www.texoliq.com\/pl\/produkt\/zestaw-do-sushi-bazooki-kompletny-profesjonalny","og_site_name":"TEXOLIQ\u00ae","article_modified_time":"2023-10-16T12:53:50+00:00","og_image":[{"width":1000,"height":1000,"url":"http:\/\/www.texoliq.com\/wp-content\/uploads\/2022\/03\/1-12.webp","type":"image\/webp"}],"twitter_card":"summary_large_image","twitter_misc":{"Szacowany czas czytania":"3 minuty"},"schema":{"@context":"https:\/\/schema.org","@graph":[{"@type":"WebPage","@id":"https:\/\/www.texoliq.com\/pl\/produkt\/zestaw-do-sushi-bazooki-kompletny-profesjonalny","url":"https:\/\/www.texoliq.com\/pl\/produkt\/zestaw-do-sushi-bazooki-kompletny-profesjonalny","name":"ZESTAW DO SUSHI BAZOOKI - TEXOLIQ\u00ae","isPartOf":{"@id":"https:\/\/www.texoliq.com\/pl#website"},"primaryImageOfPage":{"@id":"https:\/\/www.texoliq.com\/pl\/produkt\/zestaw-do-sushi-bazooki-kompletny-profesjonalny#primaryimage"},"image":{"@id":"https:\/\/www.texoliq.com\/pl\/produkt\/zestaw-do-sushi-bazooki-kompletny-profesjonalny#primaryimage"},"thumbnailUrl":"https:\/\/www.texoliq.com\/wp-content\/uploads\/2022\/03\/1-12.webp","datePublished":"2022-03-19T13:08:20+00:00","dateModified":"2023-10-16T12:53:50+00:00","description":"Zestaw do robienia sushi bazooki \u2705 TEXOLIQ \u2714\ufe0f KUP TERAZ japo\u0144ski profesjonalny zestaw do gotowania i przygotuj domowe sushi. \u2611\ufe0f ZAM\u00d3W TERAZ.","breadcrumb":{"@id":"https:\/\/www.texoliq.com\/pl\/produkt\/zestaw-do-sushi-bazooki-kompletny-profesjonalny#breadcrumb"},"inLanguage":"pl-PL","potentialAction":[{"@type":"ReadAction","target":["https:\/\/www.texoliq.com\/pl\/produkt\/zestaw-do-sushi-bazooki-kompletny-profesjonalny"]}]},{"@type":"ImageObject","inLanguage":"pl-PL","@id":"https:\/\/www.texoliq.com\/pl\/produkt\/zestaw-do-sushi-bazooki-kompletny-profesjonalny#primaryimage","url":"https:\/\/www.texoliq.com\/wp-content\/uploads\/2022\/03\/1-12.webp","contentUrl":"https:\/\/www.texoliq.com\/wp-content\/uploads\/2022\/03\/1-12.webp","width":1000,"height":1000,"caption":"zestaw do sushi bazooki"},{"@type":"BreadcrumbList","@id":"https:\/\/www.texoliq.com\/pl\/produkt\/zestaw-do-sushi-bazooki-kompletny-profesjonalny#breadcrumb","itemListElement":[{"@type":"ListItem","position":1,"name":"Home","item":"https:\/\/www.texoliq.com\/pl"},{"@type":"ListItem","position":2,"name":"Shop","item":"https:\/\/www.texoliq.com\/negozio"},{"@type":"ListItem","position":3,"name":"ZESTAW DO SUSHI BAZOOKI"}]},{"@type":"WebSite","@id":"https:\/\/www.texoliq.com\/pl#website","url":"https:\/\/www.texoliq.com\/pl","name":"TEXOLIQ\u00ae","description":"Kit sushi","publisher":{"@id":"https:\/\/www.texoliq.com\/pl#organization"},"alternateName":"TEXOLIQ","potentialAction":[{"@type":"SearchAction","target":{"@type":"EntryPoint","urlTemplate":"https:\/\/www.texoliq.com\/pl?s={search_term_string}"},"query-input":{"@type":"PropertyValueSpecification","valueRequired":true,"valueName":"search_term_string"}}],"inLanguage":"pl-PL"},{"@type":"Organization","@id":"https:\/\/www.texoliq.com\/pl#organization","name":"TEXOLIQ\u00ae","alternateName":"TEXOLIQ","url":"https:\/\/www.texoliq.com\/pl","logo":{"@type":"ImageObject","inLanguage":"pl-PL","@id":"https:\/\/www.texoliq.com\/pl#\/schema\/logo\/image\/","url":"http:\/\/www.texoliq.com\/wp-content\/uploads\/2021\/04\/icona-del-sito-circolare-1.png","contentUrl":"http:\/\/www.texoliq.com\/wp-content\/uploads\/2021\/04\/icona-del-sito-circolare-1.png","width":500,"height":500,"caption":"TEXOLIQ\u00ae"},"image":{"@id":"https:\/\/www.texoliq.com\/pl#\/schema\/logo\/image\/"}}]}},"_links":{"self":[{"href":"https:\/\/www.texoliq.com\/pl\/wp-json\/wp\/v2\/product\/3553","targetHints":{"allow":["GET"]}}],"collection":[{"href":"https:\/\/www.texoliq.com\/pl\/wp-json\/wp\/v2\/product"}],"about":[{"href":"https:\/\/www.texoliq.com\/pl\/wp-json\/wp\/v2\/types\/product"}],"replies":[{"embeddable":true,"href":"https:\/\/www.texoliq.com\/pl\/wp-json\/wp\/v2\/comments?post=3553"}],"wp:featuredmedia":[{"embeddable":true,"href":"https:\/\/www.texoliq.com\/pl\/wp-json\/wp\/v2\/media\/6119"}],"wp:attachment":[{"href":"https:\/\/www.texoliq.com\/pl\/wp-json\/wp\/v2\/media?parent=3553"}],"wp:term":[{"taxonomy":"product_brand","embeddable":true,"href":"https:\/\/www.texoliq.com\/pl\/wp-json\/wp\/v2\/product_brand?post=3553"},{"taxonomy":"product_cat","embeddable":true,"href":"https:\/\/www.texoliq.com\/pl\/wp-json\/wp\/v2\/product_cat?post=3553"},{"taxonomy":"product_tag","embeddable":true,"href":"https:\/\/www.texoliq.com\/pl\/wp-json\/wp\/v2\/product_tag?post=3553"}],"curies":[{"name":"wp","href":"https:\/\/api.w.org\/{rel}","templated":true}]}}