{"id":4558,"date":"2022-03-07T17:40:21","date_gmt":"2022-03-07T17:40:21","guid":{"rendered":"https:\/\/www.texoliq.com\/disconoscimento\/"},"modified":"2022-04-01T08:40:35","modified_gmt":"2022-04-01T08:40:35","slug":"varning","status":"publish","type":"page","link":"https:\/\/www.texoliq.com\/sv\/varning","title":{"rendered":"Varning"},"content":{"rendered":"\n<!-- Legal document generated by Complianz | GDPR\/CCPA Cookie Consent https:\/\/wordpress.org\/plugins\/complianz-gdpr -->\n<div id=\"cmplz-document\" class=\"cmplz-document disclaimer cmplz-document-all\"><p>TEXOLIQ\u00ae har \u00e5tagit sig att h\u00e5lla denna webbplats uppdaterad och korrekt. Om du \u00e4nd\u00e5 skulle st\u00f6ta p\u00e5 n\u00e5got som \u00e4r felaktigt eller inaktuellt skulle vi uppskatta om du kunde meddela oss detta. V\u00e4nligen ange var p\u00e5 webbplatsen du l\u00e4ste informationen. Vi kommer sedan att titta p\u00e5 detta s\u00e5 snart som m\u00f6jligt. V\u00e4nligen skicka ditt svar via e-post till: <span class=\"cmplz-obfuscate\">moc&#x2e;qilox&#x65;t&#x40;tropp&#x75;s<\/span>.<\/p><p>We are not liable for loss as a result of inaccuracies or incompleteness, nor for loss resulting from problems caused by or inherent to the dissemination of information through the internet, such as disruptions or interruptions. When using web forms, we strive to limit the number of required fields to a minimum. For any loss suffered as a result of the use of data, advice or ideas provided by or on behalf of TEXOLIQ\u00ae via this website, TEXOLIQ\u00ae accepts no liability.<\/p><p>Alla personuppgifter som du ger oss i samband med ditt svar eller din beg\u00e4ran om information kommer endast att anv\u00e4ndas i enlighet med v\u00e5r integritetspolicy.<\/p><p>Alla immateriella r\u00e4ttigheter till inneh\u00e5llet p\u00e5 denna webbplats tillh\u00f6r TEXOLIQ\u00ae.<\/p><p>Kopiering, spridning och all annan anv\u00e4ndning av detta material \u00e4r inte till\u00e5ten utan skriftligt tillst\u00e5nd fr\u00e5n TEXOLIQ\u00ae, utom och endast i den m\u00e5n det f\u00f6reskrivs i best\u00e4mmelser i tvingande lagstiftning (t.ex. r\u00e4tten att citera), om inte annat f\u00f6ljer av det specifika inneh\u00e5llet.<\/p><p>Om du har n\u00e5gra fr\u00e5gor eller problem med webbplatsens tillg\u00e4nglighet, tveka inte att kontakta oss.<\/p><\/div>\n","protected":false},"excerpt":{"rendered":"","protected":false},"author":1,"featured_media":0,"parent":0,"menu_order":0,"comment_status":"closed","ping_status":"closed","template":"","meta":{"ocean_post_layout":"full-width","ocean_both_sidebars_style":"","ocean_both_sidebars_content_width":0,"ocean_both_sidebars_sidebars_width":0,"ocean_sidebar":"0","ocean_second_sidebar":"0","ocean_disable_margins":"enable","ocean_add_body_class":"","ocean_shortcode_before_top_bar":"","ocean_shortcode_after_top_bar":"","ocean_shortcode_before_header":"","ocean_shortcode_after_header":"","ocean_has_shortcode":"","ocean_shortcode_after_title":"","ocean_shortcode_before_footer_widgets":"","ocean_shortcode_after_footer_widgets":"","ocean_shortcode_before_footer_bottom":"","ocean_shortcode_after_footer_bottom":"","ocean_display_top_bar":"default","ocean_display_header":"default","ocean_header_style":"","ocean_center_header_left_menu":"0","ocean_custom_header_template":"0","ocean_custom_logo":0,"ocean_custom_retina_logo":0,"ocean_custom_logo_max_width":0,"ocean_custom_logo_tablet_max_width":0,"ocean_custom_logo_mobile_max_width":0,"ocean_custom_logo_max_height":0,"ocean_custom_logo_tablet_max_height":0,"ocean_custom_logo_mobile_max_height":0,"ocean_header_custom_menu":"0","ocean_menu_typo_font_family":"0","ocean_menu_typo_font_subset":"","ocean_menu_typo_font_size":0,"ocean_menu_typo_font_size_tablet":0,"ocean_menu_typo_font_size_mobile":0,"ocean_menu_typo_font_size_unit":"px","ocean_menu_typo_font_weight":"","ocean_menu_typo_font_weight_tablet":"","ocean_menu_typo_font_weight_mobile":"","ocean_menu_typo_transform":"","ocean_menu_typo_transform_tablet":"","ocean_menu_typo_transform_mobile":"","ocean_menu_typo_line_height":0,"ocean_menu_typo_line_height_tablet":0,"ocean_menu_typo_line_height_mobile":0,"ocean_menu_typo_line_height_unit":"","ocean_menu_typo_spacing":0,"ocean_menu_typo_spacing_tablet":0,"ocean_menu_typo_spacing_mobile":0,"ocean_menu_typo_spacing_unit":"","ocean_menu_link_color":"","ocean_menu_link_color_hover":"","ocean_menu_link_color_active":"","ocean_menu_link_background":"","ocean_menu_link_hover_background":"","ocean_menu_link_active_background":"","ocean_menu_social_links_bg":"","ocean_menu_social_hover_links_bg":"","ocean_menu_social_links_color":"","ocean_menu_social_hover_links_color":"","ocean_disable_title":"on","ocean_disable_heading":"default","ocean_post_title":"","ocean_post_subheading":"","ocean_post_title_style":"","ocean_post_title_background_color":"","ocean_post_title_background":0,"ocean_post_title_bg_image_position":"","ocean_post_title_bg_image_attachment":"","ocean_post_title_bg_image_repeat":"","ocean_post_title_bg_image_size":"","ocean_post_title_height":0,"ocean_post_title_bg_overlay":0.5,"ocean_post_title_bg_overlay_color":"","ocean_disable_breadcrumbs":"default","ocean_breadcrumbs_color":"","ocean_breadcrumbs_separator_color":"","ocean_breadcrumbs_links_color":"","ocean_breadcrumbs_links_hover_color":"","ocean_display_footer_widgets":"default","ocean_display_footer_bottom":"default","ocean_custom_footer_template":"0","footnotes":""},"class_list":["post-4558","page","type-page","status-publish","hentry","entry","owp-thumbs-layout-horizontal","owp-btn-big","owp-tabs-layout-horizontal","has-no-thumbnails","has-product-nav"],"featured_image_src":null,"yoast_head":"<!-- This site is optimized with the Yoast SEO Premium plugin v20.1 (Yoast SEO v26.5) - https:\/\/yoast.com\/wordpress\/plugins\/seo\/ -->\n<title>Varning - TEXOLIQ\u00ae<\/title>\n<meta name=\"robots\" content=\"index, follow, max-snippet:-1, max-image-preview:large, max-video-preview:-1\" \/>\n<link rel=\"canonical\" href=\"https:\/\/www.texoliq.com\/sv\/varning\" \/>\n<meta property=\"og:locale\" content=\"sv_SE\" \/>\n<meta property=\"og:type\" content=\"article\" \/>\n<meta property=\"og:title\" content=\"Varning\" \/>\n<meta property=\"og:url\" content=\"https:\/\/www.texoliq.com\/sv\/varning\" \/>\n<meta property=\"og:site_name\" content=\"TEXOLIQ\u00ae\" \/>\n<meta property=\"article:modified_time\" content=\"2022-04-01T08:40:35+00:00\" \/>\n<meta property=\"og:image\" content=\"https:\/\/www.texoliq.com\/wp-content\/uploads\/2021\/04\/icona-del-sito-circolare-1.png\" \/>\n\t<meta property=\"og:image:width\" content=\"500\" \/>\n\t<meta property=\"og:image:height\" content=\"500\" \/>\n\t<meta property=\"og:image:type\" content=\"image\/png\" \/>\n<meta name=\"twitter:card\" content=\"summary_large_image\" \/>\n<meta name=\"twitter:label1\" content=\"Ber\u00e4knad l\u00e4stid\" \/>\n\t<meta name=\"twitter:data1\" content=\"1 minut\" \/>\n<script type=\"application\/ld+json\" class=\"yoast-schema-graph\">{\"@context\":\"https:\/\/schema.org\",\"@graph\":[{\"@type\":\"WebPage\",\"@id\":\"https:\/\/www.texoliq.com\/sv\/varning\",\"url\":\"https:\/\/www.texoliq.com\/sv\/varning\",\"name\":\"Varning - TEXOLIQ\u00ae\",\"isPartOf\":{\"@id\":\"https:\/\/www.texoliq.com\/sv#website\"},\"datePublished\":\"2022-03-07T17:40:21+00:00\",\"dateModified\":\"2022-04-01T08:40:35+00:00\",\"breadcrumb\":{\"@id\":\"https:\/\/www.texoliq.com\/sv\/varning#breadcrumb\"},\"inLanguage\":\"sv-SE\",\"potentialAction\":[{\"@type\":\"ReadAction\",\"target\":[\"https:\/\/www.texoliq.com\/sv\/varning\"]}]},{\"@type\":\"BreadcrumbList\",\"@id\":\"https:\/\/www.texoliq.com\/sv\/varning#breadcrumb\",\"itemListElement\":[{\"@type\":\"ListItem\",\"position\":1,\"name\":\"Home\",\"item\":\"https:\/\/www.texoliq.com\/sv\"},{\"@type\":\"ListItem\",\"position\":2,\"name\":\"Varning\"}]},{\"@type\":\"WebSite\",\"@id\":\"https:\/\/www.texoliq.com\/sv#website\",\"url\":\"https:\/\/www.texoliq.com\/sv\",\"name\":\"TEXOLIQ\u00ae\",\"description\":\"Kit sushi\",\"publisher\":{\"@id\":\"https:\/\/www.texoliq.com\/sv#organization\"},\"alternateName\":\"TEXOLIQ\",\"potentialAction\":[{\"@type\":\"SearchAction\",\"target\":{\"@type\":\"EntryPoint\",\"urlTemplate\":\"https:\/\/www.texoliq.com\/sv?s={search_term_string}\"},\"query-input\":{\"@type\":\"PropertyValueSpecification\",\"valueRequired\":true,\"valueName\":\"search_term_string\"}}],\"inLanguage\":\"sv-SE\"},{\"@type\":\"Organization\",\"@id\":\"https:\/\/www.texoliq.com\/sv#organization\",\"name\":\"TEXOLIQ\u00ae\",\"alternateName\":\"TEXOLIQ\",\"url\":\"https:\/\/www.texoliq.com\/sv\",\"logo\":{\"@type\":\"ImageObject\",\"inLanguage\":\"sv-SE\",\"@id\":\"https:\/\/www.texoliq.com\/sv#\/schema\/logo\/image\/\",\"url\":\"http:\/\/www.texoliq.com\/wp-content\/uploads\/2021\/04\/icona-del-sito-circolare-1.png\",\"contentUrl\":\"http:\/\/www.texoliq.com\/wp-content\/uploads\/2021\/04\/icona-del-sito-circolare-1.png\",\"width\":500,\"height\":500,\"caption\":\"TEXOLIQ\u00ae\"},\"image\":{\"@id\":\"https:\/\/www.texoliq.com\/sv#\/schema\/logo\/image\/\"}}]}<\/script>\n<!-- \/ Yoast SEO Premium plugin. -->","yoast_head_json":{"title":"Varning - TEXOLIQ\u00ae","robots":{"index":"index","follow":"follow","max-snippet":"max-snippet:-1","max-image-preview":"max-image-preview:large","max-video-preview":"max-video-preview:-1"},"canonical":"https:\/\/www.texoliq.com\/sv\/varning","og_locale":"sv_SE","og_type":"article","og_title":"Varning","og_url":"https:\/\/www.texoliq.com\/sv\/varning","og_site_name":"TEXOLIQ\u00ae","article_modified_time":"2022-04-01T08:40:35+00:00","og_image":[{"width":500,"height":500,"url":"https:\/\/www.texoliq.com\/wp-content\/uploads\/2021\/04\/icona-del-sito-circolare-1.png","type":"image\/png"}],"twitter_card":"summary_large_image","twitter_misc":{"Ber\u00e4knad l\u00e4stid":"1 minut"},"schema":{"@context":"https:\/\/schema.org","@graph":[{"@type":"WebPage","@id":"https:\/\/www.texoliq.com\/sv\/varning","url":"https:\/\/www.texoliq.com\/sv\/varning","name":"Varning - TEXOLIQ\u00ae","isPartOf":{"@id":"https:\/\/www.texoliq.com\/sv#website"},"datePublished":"2022-03-07T17:40:21+00:00","dateModified":"2022-04-01T08:40:35+00:00","breadcrumb":{"@id":"https:\/\/www.texoliq.com\/sv\/varning#breadcrumb"},"inLanguage":"sv-SE","potentialAction":[{"@type":"ReadAction","target":["https:\/\/www.texoliq.com\/sv\/varning"]}]},{"@type":"BreadcrumbList","@id":"https:\/\/www.texoliq.com\/sv\/varning#breadcrumb","itemListElement":[{"@type":"ListItem","position":1,"name":"Home","item":"https:\/\/www.texoliq.com\/sv"},{"@type":"ListItem","position":2,"name":"Varning"}]},{"@type":"WebSite","@id":"https:\/\/www.texoliq.com\/sv#website","url":"https:\/\/www.texoliq.com\/sv","name":"TEXOLIQ\u00ae","description":"Kit sushi","publisher":{"@id":"https:\/\/www.texoliq.com\/sv#organization"},"alternateName":"TEXOLIQ","potentialAction":[{"@type":"SearchAction","target":{"@type":"EntryPoint","urlTemplate":"https:\/\/www.texoliq.com\/sv?s={search_term_string}"},"query-input":{"@type":"PropertyValueSpecification","valueRequired":true,"valueName":"search_term_string"}}],"inLanguage":"sv-SE"},{"@type":"Organization","@id":"https:\/\/www.texoliq.com\/sv#organization","name":"TEXOLIQ\u00ae","alternateName":"TEXOLIQ","url":"https:\/\/www.texoliq.com\/sv","logo":{"@type":"ImageObject","inLanguage":"sv-SE","@id":"https:\/\/www.texoliq.com\/sv#\/schema\/logo\/image\/","url":"http:\/\/www.texoliq.com\/wp-content\/uploads\/2021\/04\/icona-del-sito-circolare-1.png","contentUrl":"http:\/\/www.texoliq.com\/wp-content\/uploads\/2021\/04\/icona-del-sito-circolare-1.png","width":500,"height":500,"caption":"TEXOLIQ\u00ae"},"image":{"@id":"https:\/\/www.texoliq.com\/sv#\/schema\/logo\/image\/"}}]}},"_links":{"self":[{"href":"https:\/\/www.texoliq.com\/sv\/wp-json\/wp\/v2\/pages\/4558","targetHints":{"allow":["GET"]}}],"collection":[{"href":"https:\/\/www.texoliq.com\/sv\/wp-json\/wp\/v2\/pages"}],"about":[{"href":"https:\/\/www.texoliq.com\/sv\/wp-json\/wp\/v2\/types\/page"}],"author":[{"embeddable":true,"href":"https:\/\/www.texoliq.com\/sv\/wp-json\/wp\/v2\/users\/1"}],"replies":[{"embeddable":true,"href":"https:\/\/www.texoliq.com\/sv\/wp-json\/wp\/v2\/comments?post=4558"}],"version-history":[{"count":0,"href":"https:\/\/www.texoliq.com\/sv\/wp-json\/wp\/v2\/pages\/4558\/revisions"}],"wp:attachment":[{"href":"https:\/\/www.texoliq.com\/sv\/wp-json\/wp\/v2\/media?parent=4558"}],"curies":[{"name":"wp","href":"https:\/\/api.w.org\/{rel}","templated":true}]}}