{"id":2715,"date":"2022-03-16T11:12:19","date_gmt":"2022-03-16T11:12:19","guid":{"rendered":"https:\/\/www.texoliq.com\/?post_type=product&#038;p=2715"},"modified":"2023-03-07T12:29:26","modified_gmt":"2023-03-07T12:29:26","slug":"digital-sushi-kokbok","status":"publish","type":"product","link":"https:\/\/www.texoliq.com\/sv\/produkt\/digital-sushi-kokbok","title":{"rendered":"DIGITAL SUSHI KOKBOK"},"content":{"rendered":"<h1 class=\"font_8\" style=\"padding-left: 40px; text-align: center;\"><span style=\"color: #000000;\">Inneh\u00e5ll Ing\u00e5r i din TEXOLIQ-Kokbok<\/span><\/h1>\n<p>G\u00f6r vanliga m\u00e4nniskor sushi hemma?<br \/>\nI de flesta fall \u00e4r svaret nej!<br \/>\nDu beh\u00f6ver dock inte vara en riktig sushikock f\u00f6r att g\u00f6ra bra sushi, eller hur? S\u00e5 varf\u00f6r skulle inte vanligt folk laga sushi? Helt enkelt i brist p\u00e5 n\u00f6dv\u00e4ndiga verktyg och\/eller r\u00e4tt recept.<br \/>\nTack vare digital sushi kokbok Att laga sushi kan vara enkelt \u00e4ven f\u00f6r dem som aldrig har erfarenhet av att tillaga sushi. Med denna kokbok kommer du att l\u00e4ra dig alla grundl\u00e4ggande tekniker f\u00f6r att f\u00f6rbereda olika varianter av denna matr\u00e4tt.<\/p>\n<h2 style=\"text-align: center;\"><em><strong><span style=\"color: #59d600;\">Inneh\u00e5ll som ing\u00e5r i din digital sushi kokbok<\/span><\/strong><\/em><\/h2>\n<p style=\"text-align: left;\"><span style=\"color: #0b6e0b;\"><strong>\u2705 Beredning av krydda f\u00f6r ris<\/strong><\/span><\/p>\n<p>F\u00f6r att f\u00f6rbereda sushiris \u00e4r det n\u00f6dv\u00e4ndigt att krydda riset med en grundl\u00e4ggande krydda som kallas sushizu, som f\u00f6rutom att ge det smak, \u00e4ven tj\u00e4nar till att h\u00e5lla riset mjukt och bevara dess \u00f6mhet.<\/p>\n<hr \/>\n<p style=\"text-align: left;\"><span style=\"color: #0b6e0b;\"><strong>\u2705 F\u00f6rbereder ris f\u00f6r sushi<\/strong><\/span><\/p>\n<p>Sushiris \u00e4r nyckelingrediensen f\u00f6r riktigt bra sushi. Att l\u00e4ra sig laga det till perfektion \u00e4r grunden f\u00f6r att bli sanna experter p\u00e5 det japanska k\u00f6ket.<\/p>\n<hr \/>\n<p style=\"text-align: left;\"><span style=\"color: #0b6e0b;\"><strong>\u2705 Hosomaki F\u00f6rberedelse<\/strong><\/span><\/p>\n<p>Hosomaki sushi \u00e4r en av varianterna av maki sushi som k\u00e4nnetecknas av att ha nori-t\u00e5ng p\u00e5 utsidan av sushirullen som sveper in en fyllning av ris och en enda valfri ingrediens, fisk eller gr\u00f6nsaker.<\/p>\n<hr \/>\n<p style=\"text-align: left;\"><span style=\"color: #0b6e0b;\"><strong>\u2705 Futomaki F\u00f6rberedelse<\/strong><\/span><\/p>\n<p>Futomaki sushi, i det japanska k\u00f6ket, \u00e4r en sushir\u00e4tt gjord p\u00e5 sushiris (det vill s\u00e4ga kryddat med vin\u00e4ger och socker) med en eller flera fyllningar av fisk, gr\u00f6nsaker, bl\u00f6tdjur, kr\u00e4ftdjur och t\u00e5ng.<\/p>\n<hr \/>\n<p style=\"text-align: left;\"><span style=\"color: #0b6e0b;\"><strong>\u2705 Uramaki F\u00f6rberedelse<\/strong><\/span><\/p>\n<p>Uramaki sushi \u00e4r en av de mest popul\u00e4ra varianterna av maki sushi bland v\u00e4sterl\u00e4nningar. Till skillnad fr\u00e5n alla andra typer av sushi, i uramaki sushi, placeras nori-t\u00e5ngen inuti sushirullen ist\u00e4llet f\u00f6r utanf\u00f6r.<\/p>\n<hr \/>\n<p style=\"text-align: left;\"><span style=\"color: #0b6e0b;\"><strong>\u2705 F\u00f6rberedelse av Sushirullen f\u00f6r Nyb\u00f6rjare<\/strong><\/span><\/p>\n<p>Tack vare bazookaverktyget i TEXOLIQ sushi kit har det aldrig varit enklare att g\u00f6ra sushi! Detta innovativa verktyg l\u00e5ter dig skapa perfekta maki-sushi-rullar \u00e4ven f\u00f6r dem som inte \u00e4r praktiska eller aldrig har lagat maki sushi f\u00f6rut.<\/p>\n<hr \/>\n<p style=\"text-align: left;\">\n","protected":false},"excerpt":{"rendered":"<p>Inneh\u00e5ll Ing\u00e5r i din TEXOLIQ-Kokbok G\u00f6r vanliga m\u00e4nniskor sushi hemma? I de flesta fall \u00e4r svaret nej! Du beh\u00f6ver dock inte vara en riktig sushikock f\u00f6r att g\u00f6ra bra sushi, eller hur? S\u00e5 varf\u00f6r skulle inte vanligt folk laga sushi? Helt enkelt i brist p\u00e5 n\u00f6dv\u00e4ndiga verktyg och\/eller r\u00e4tt recept. Tack vare digital sushi kokbok [&hellip;]<\/p>\n","protected":false},"featured_media":6095,"comment_status":"open","ping_status":"closed","template":"","meta":{"ocean_post_layout":"full-width","ocean_both_sidebars_style":"","ocean_both_sidebars_content_width":0,"ocean_both_sidebars_sidebars_width":0,"ocean_sidebar":"0","ocean_second_sidebar":"0","ocean_disable_margins":"enable","ocean_add_body_class":"","ocean_shortcode_before_top_bar":"","ocean_shortcode_after_top_bar":"","ocean_shortcode_before_header":"","ocean_shortcode_after_header":"","ocean_has_shortcode":"","ocean_shortcode_after_title":"","ocean_shortcode_before_footer_widgets":"","ocean_shortcode_after_footer_widgets":"","ocean_shortcode_before_footer_bottom":"","ocean_shortcode_after_footer_bottom":"","ocean_display_top_bar":"default","ocean_display_header":"default","ocean_header_style":"","ocean_center_header_left_menu":"0","ocean_custom_header_template":"0","ocean_custom_logo":0,"ocean_custom_retina_logo":0,"ocean_custom_logo_max_width":0,"ocean_custom_logo_tablet_max_width":0,"ocean_custom_logo_mobile_max_width":0,"ocean_custom_logo_max_height":0,"ocean_custom_logo_tablet_max_height":0,"ocean_custom_logo_mobile_max_height":0,"ocean_header_custom_menu":"0","ocean_menu_typo_font_family":"0","ocean_menu_typo_font_subset":"","ocean_menu_typo_font_size":0,"ocean_menu_typo_font_size_tablet":0,"ocean_menu_typo_font_size_mobile":0,"ocean_menu_typo_font_size_unit":"px","ocean_menu_typo_font_weight":"","ocean_menu_typo_font_weight_tablet":"","ocean_menu_typo_font_weight_mobile":"","ocean_menu_typo_transform":"","ocean_menu_typo_transform_tablet":"","ocean_menu_typo_transform_mobile":"","ocean_menu_typo_line_height":0,"ocean_menu_typo_line_height_tablet":0,"ocean_menu_typo_line_height_mobile":0,"ocean_menu_typo_line_height_unit":"","ocean_menu_typo_spacing":0,"ocean_menu_typo_spacing_tablet":0,"ocean_menu_typo_spacing_mobile":0,"ocean_menu_typo_spacing_unit":"","ocean_menu_link_color":"","ocean_menu_link_color_hover":"","ocean_menu_link_color_active":"","ocean_menu_link_background":"","ocean_menu_link_hover_background":"","ocean_menu_link_active_background":"","ocean_menu_social_links_bg":"","ocean_menu_social_hover_links_bg":"","ocean_menu_social_links_color":"","ocean_menu_social_hover_links_color":"","ocean_disable_title":"on","ocean_disable_heading":"default","ocean_post_title":"","ocean_post_subheading":"","ocean_post_title_style":"","ocean_post_title_background_color":"","ocean_post_title_background":0,"ocean_post_title_bg_image_position":"","ocean_post_title_bg_image_attachment":"","ocean_post_title_bg_image_repeat":"","ocean_post_title_bg_image_size":"","ocean_post_title_height":0,"ocean_post_title_bg_overlay":0.5,"ocean_post_title_bg_overlay_color":"","ocean_disable_breadcrumbs":"default","ocean_breadcrumbs_color":"","ocean_breadcrumbs_separator_color":"","ocean_breadcrumbs_links_color":"","ocean_breadcrumbs_links_hover_color":"","ocean_display_footer_widgets":"default","ocean_display_footer_bottom":"default","ocean_custom_footer_template":"0"},"product_brand":[],"product_cat":[122],"product_tag":[215,294,217],"class_list":{"0":"post-2715","1":"product","2":"type-product","3":"status-publish","4":"has-post-thumbnail","6":"product_cat-e-bok-pdf","7":"product_tag-anvandarguide","8":"product_tag-kokbok","9":"product_tag-receptbok","11":"entry","12":"has-media","14":"first","15":"instock","16":"downloadable","17":"virtual","18":"purchasable","19":"product-type-simple","20":"has-rating","21":"has-product-nav","22":"col","23":"span_1_of_2","24":"owp-content-center","25":"owp-thumbs-layout-horizontal","26":"owp-btn-big","27":"owp-tabs-layout-horizontal"},"yoast_head":"<!-- This site is optimized with the Yoast SEO Premium plugin v20.1 (Yoast SEO v26.5) - https:\/\/yoast.com\/wordpress\/plugins\/seo\/ -->\n<title>DIGITAL SUSHI KOKBOK - TEXOLIQ\u00ae<\/title>\n<meta name=\"description\" content=\"\u2705 LADDA NER NU \u2705 den digital sushi kokbok \u2714\ufe0f TEXOLIQ \u2714\ufe0f och f\u00f6rbered\u00a0sushi. \u2611\ufe0f BEST\u00c4LL DEN GRATIS i den digitala versionen.\" \/>\n<meta name=\"robots\" content=\"index, follow, max-snippet:-1, max-image-preview:large, max-video-preview:-1\" \/>\n<link rel=\"canonical\" href=\"https:\/\/www.texoliq.com\/sv\/produkt\/digital-sushi-kokbok\" \/>\n<meta property=\"og:locale\" content=\"sv_SE\" \/>\n<meta property=\"og:type\" content=\"article\" \/>\n<meta property=\"og:title\" content=\"DIGITAL SUSHI KOKBOK\" \/>\n<meta property=\"og:description\" content=\"\u2705 LADDA NER NU \u2705 den digital sushi kokbok \u2714\ufe0f TEXOLIQ \u2714\ufe0f och f\u00f6rbered\u00a0sushi. \u2611\ufe0f BEST\u00c4LL DEN GRATIS i den digitala versionen.\" \/>\n<meta property=\"og:url\" content=\"https:\/\/www.texoliq.com\/sv\/produkt\/digital-sushi-kokbok\" \/>\n<meta property=\"og:site_name\" content=\"TEXOLIQ\u00ae\" \/>\n<meta property=\"article:modified_time\" content=\"2023-03-07T12:29:26+00:00\" \/>\n<meta property=\"og:image\" content=\"http:\/\/www.texoliq.com\/wp-content\/uploads\/2022\/03\/1-11.webp\" \/>\n\t<meta property=\"og:image:width\" content=\"1000\" \/>\n\t<meta property=\"og:image:height\" content=\"1000\" \/>\n\t<meta property=\"og:image:type\" content=\"image\/webp\" \/>\n<meta name=\"twitter:card\" content=\"summary_large_image\" \/>\n<meta name=\"twitter:label1\" content=\"Ber\u00e4knad l\u00e4stid\" \/>\n\t<meta name=\"twitter:data1\" content=\"2 minuter\" \/>\n<script type=\"application\/ld+json\" class=\"yoast-schema-graph\">{\"@context\":\"https:\/\/schema.org\",\"@graph\":[{\"@type\":\"WebPage\",\"@id\":\"https:\/\/www.texoliq.com\/sv\/produkt\/digital-sushi-kokbok\",\"url\":\"https:\/\/www.texoliq.com\/sv\/produkt\/digital-sushi-kokbok\",\"name\":\"DIGITAL SUSHI KOKBOK - TEXOLIQ\u00ae\",\"isPartOf\":{\"@id\":\"https:\/\/www.texoliq.com\/sv#website\"},\"primaryImageOfPage\":{\"@id\":\"https:\/\/www.texoliq.com\/sv\/produkt\/digital-sushi-kokbok#primaryimage\"},\"image\":{\"@id\":\"https:\/\/www.texoliq.com\/sv\/produkt\/digital-sushi-kokbok#primaryimage\"},\"thumbnailUrl\":\"https:\/\/www.texoliq.com\/wp-content\/uploads\/2022\/03\/1-11.webp\",\"datePublished\":\"2022-03-16T11:12:19+00:00\",\"dateModified\":\"2023-03-07T12:29:26+00:00\",\"description\":\"\u2705 LADDA NER NU \u2705 den digital sushi kokbok \u2714\ufe0f TEXOLIQ \u2714\ufe0f och f\u00f6rbered\u00a0sushi. \u2611\ufe0f BEST\u00c4LL DEN GRATIS i den digitala versionen.\",\"breadcrumb\":{\"@id\":\"https:\/\/www.texoliq.com\/sv\/produkt\/digital-sushi-kokbok#breadcrumb\"},\"inLanguage\":\"sv-SE\",\"potentialAction\":[{\"@type\":\"ReadAction\",\"target\":[\"https:\/\/www.texoliq.com\/sv\/produkt\/digital-sushi-kokbok\"]}]},{\"@type\":\"ImageObject\",\"inLanguage\":\"sv-SE\",\"@id\":\"https:\/\/www.texoliq.com\/sv\/produkt\/digital-sushi-kokbok#primaryimage\",\"url\":\"https:\/\/www.texoliq.com\/wp-content\/uploads\/2022\/03\/1-11.webp\",\"contentUrl\":\"https:\/\/www.texoliq.com\/wp-content\/uploads\/2022\/03\/1-11.webp\",\"width\":1000,\"height\":1000,\"caption\":\"digital sushi kokbok\"},{\"@type\":\"BreadcrumbList\",\"@id\":\"https:\/\/www.texoliq.com\/sv\/produkt\/digital-sushi-kokbok#breadcrumb\",\"itemListElement\":[{\"@type\":\"ListItem\",\"position\":1,\"name\":\"Home\",\"item\":\"https:\/\/www.texoliq.com\/sv\"},{\"@type\":\"ListItem\",\"position\":2,\"name\":\"Shop\",\"item\":\"https:\/\/www.texoliq.com\/negozio\"},{\"@type\":\"ListItem\",\"position\":3,\"name\":\"DIGITAL SUSHI KOKBOK\"}]},{\"@type\":\"WebSite\",\"@id\":\"https:\/\/www.texoliq.com\/sv#website\",\"url\":\"https:\/\/www.texoliq.com\/sv\",\"name\":\"TEXOLIQ\u00ae\",\"description\":\"Kit sushi\",\"publisher\":{\"@id\":\"https:\/\/www.texoliq.com\/sv#organization\"},\"alternateName\":\"TEXOLIQ\",\"potentialAction\":[{\"@type\":\"SearchAction\",\"target\":{\"@type\":\"EntryPoint\",\"urlTemplate\":\"https:\/\/www.texoliq.com\/sv?s={search_term_string}\"},\"query-input\":{\"@type\":\"PropertyValueSpecification\",\"valueRequired\":true,\"valueName\":\"search_term_string\"}}],\"inLanguage\":\"sv-SE\"},{\"@type\":\"Organization\",\"@id\":\"https:\/\/www.texoliq.com\/sv#organization\",\"name\":\"TEXOLIQ\u00ae\",\"alternateName\":\"TEXOLIQ\",\"url\":\"https:\/\/www.texoliq.com\/sv\",\"logo\":{\"@type\":\"ImageObject\",\"inLanguage\":\"sv-SE\",\"@id\":\"https:\/\/www.texoliq.com\/sv#\/schema\/logo\/image\/\",\"url\":\"http:\/\/www.texoliq.com\/wp-content\/uploads\/2021\/04\/icona-del-sito-circolare-1.png\",\"contentUrl\":\"http:\/\/www.texoliq.com\/wp-content\/uploads\/2021\/04\/icona-del-sito-circolare-1.png\",\"width\":500,\"height\":500,\"caption\":\"TEXOLIQ\u00ae\"},\"image\":{\"@id\":\"https:\/\/www.texoliq.com\/sv#\/schema\/logo\/image\/\"}}]}<\/script>\n<!-- \/ Yoast SEO Premium plugin. -->","yoast_head_json":{"title":"DIGITAL SUSHI KOKBOK - TEXOLIQ\u00ae","description":"\u2705 LADDA NER NU \u2705 den digital sushi kokbok \u2714\ufe0f TEXOLIQ \u2714\ufe0f och f\u00f6rbered\u00a0sushi. \u2611\ufe0f BEST\u00c4LL DEN GRATIS i den digitala versionen.","robots":{"index":"index","follow":"follow","max-snippet":"max-snippet:-1","max-image-preview":"max-image-preview:large","max-video-preview":"max-video-preview:-1"},"canonical":"https:\/\/www.texoliq.com\/sv\/produkt\/digital-sushi-kokbok","og_locale":"sv_SE","og_type":"article","og_title":"DIGITAL SUSHI KOKBOK","og_description":"\u2705 LADDA NER NU \u2705 den digital sushi kokbok \u2714\ufe0f TEXOLIQ \u2714\ufe0f och f\u00f6rbered\u00a0sushi. \u2611\ufe0f BEST\u00c4LL DEN GRATIS i den digitala versionen.","og_url":"https:\/\/www.texoliq.com\/sv\/produkt\/digital-sushi-kokbok","og_site_name":"TEXOLIQ\u00ae","article_modified_time":"2023-03-07T12:29:26+00:00","og_image":[{"width":1000,"height":1000,"url":"http:\/\/www.texoliq.com\/wp-content\/uploads\/2022\/03\/1-11.webp","type":"image\/webp"}],"twitter_card":"summary_large_image","twitter_misc":{"Ber\u00e4knad l\u00e4stid":"2 minuter"},"schema":{"@context":"https:\/\/schema.org","@graph":[{"@type":"WebPage","@id":"https:\/\/www.texoliq.com\/sv\/produkt\/digital-sushi-kokbok","url":"https:\/\/www.texoliq.com\/sv\/produkt\/digital-sushi-kokbok","name":"DIGITAL SUSHI KOKBOK - TEXOLIQ\u00ae","isPartOf":{"@id":"https:\/\/www.texoliq.com\/sv#website"},"primaryImageOfPage":{"@id":"https:\/\/www.texoliq.com\/sv\/produkt\/digital-sushi-kokbok#primaryimage"},"image":{"@id":"https:\/\/www.texoliq.com\/sv\/produkt\/digital-sushi-kokbok#primaryimage"},"thumbnailUrl":"https:\/\/www.texoliq.com\/wp-content\/uploads\/2022\/03\/1-11.webp","datePublished":"2022-03-16T11:12:19+00:00","dateModified":"2023-03-07T12:29:26+00:00","description":"\u2705 LADDA NER NU \u2705 den digital sushi kokbok \u2714\ufe0f TEXOLIQ \u2714\ufe0f och f\u00f6rbered\u00a0sushi. \u2611\ufe0f BEST\u00c4LL DEN GRATIS i den digitala versionen.","breadcrumb":{"@id":"https:\/\/www.texoliq.com\/sv\/produkt\/digital-sushi-kokbok#breadcrumb"},"inLanguage":"sv-SE","potentialAction":[{"@type":"ReadAction","target":["https:\/\/www.texoliq.com\/sv\/produkt\/digital-sushi-kokbok"]}]},{"@type":"ImageObject","inLanguage":"sv-SE","@id":"https:\/\/www.texoliq.com\/sv\/produkt\/digital-sushi-kokbok#primaryimage","url":"https:\/\/www.texoliq.com\/wp-content\/uploads\/2022\/03\/1-11.webp","contentUrl":"https:\/\/www.texoliq.com\/wp-content\/uploads\/2022\/03\/1-11.webp","width":1000,"height":1000,"caption":"digital sushi kokbok"},{"@type":"BreadcrumbList","@id":"https:\/\/www.texoliq.com\/sv\/produkt\/digital-sushi-kokbok#breadcrumb","itemListElement":[{"@type":"ListItem","position":1,"name":"Home","item":"https:\/\/www.texoliq.com\/sv"},{"@type":"ListItem","position":2,"name":"Shop","item":"https:\/\/www.texoliq.com\/negozio"},{"@type":"ListItem","position":3,"name":"DIGITAL SUSHI KOKBOK"}]},{"@type":"WebSite","@id":"https:\/\/www.texoliq.com\/sv#website","url":"https:\/\/www.texoliq.com\/sv","name":"TEXOLIQ\u00ae","description":"Kit sushi","publisher":{"@id":"https:\/\/www.texoliq.com\/sv#organization"},"alternateName":"TEXOLIQ","potentialAction":[{"@type":"SearchAction","target":{"@type":"EntryPoint","urlTemplate":"https:\/\/www.texoliq.com\/sv?s={search_term_string}"},"query-input":{"@type":"PropertyValueSpecification","valueRequired":true,"valueName":"search_term_string"}}],"inLanguage":"sv-SE"},{"@type":"Organization","@id":"https:\/\/www.texoliq.com\/sv#organization","name":"TEXOLIQ\u00ae","alternateName":"TEXOLIQ","url":"https:\/\/www.texoliq.com\/sv","logo":{"@type":"ImageObject","inLanguage":"sv-SE","@id":"https:\/\/www.texoliq.com\/sv#\/schema\/logo\/image\/","url":"http:\/\/www.texoliq.com\/wp-content\/uploads\/2021\/04\/icona-del-sito-circolare-1.png","contentUrl":"http:\/\/www.texoliq.com\/wp-content\/uploads\/2021\/04\/icona-del-sito-circolare-1.png","width":500,"height":500,"caption":"TEXOLIQ\u00ae"},"image":{"@id":"https:\/\/www.texoliq.com\/sv#\/schema\/logo\/image\/"}}]}},"_links":{"self":[{"href":"https:\/\/www.texoliq.com\/sv\/wp-json\/wp\/v2\/product\/2715","targetHints":{"allow":["GET"]}}],"collection":[{"href":"https:\/\/www.texoliq.com\/sv\/wp-json\/wp\/v2\/product"}],"about":[{"href":"https:\/\/www.texoliq.com\/sv\/wp-json\/wp\/v2\/types\/product"}],"replies":[{"embeddable":true,"href":"https:\/\/www.texoliq.com\/sv\/wp-json\/wp\/v2\/comments?post=2715"}],"wp:featuredmedia":[{"embeddable":true,"href":"https:\/\/www.texoliq.com\/sv\/wp-json\/wp\/v2\/media\/6095"}],"wp:attachment":[{"href":"https:\/\/www.texoliq.com\/sv\/wp-json\/wp\/v2\/media?parent=2715"}],"wp:term":[{"taxonomy":"product_brand","embeddable":true,"href":"https:\/\/www.texoliq.com\/sv\/wp-json\/wp\/v2\/product_brand?post=2715"},{"taxonomy":"product_cat","embeddable":true,"href":"https:\/\/www.texoliq.com\/sv\/wp-json\/wp\/v2\/product_cat?post=2715"},{"taxonomy":"product_tag","embeddable":true,"href":"https:\/\/www.texoliq.com\/sv\/wp-json\/wp\/v2\/product_tag?post=2715"}],"curies":[{"name":"wp","href":"https:\/\/api.w.org\/{rel}","templated":true}]}}