{"id":4559,"date":"2022-03-07T17:40:21","date_gmt":"2022-03-07T17:40:21","guid":{"rendered":"https:\/\/www.texoliq.com\/disconoscimento\/"},"modified":"2022-04-01T10:11:22","modified_gmt":"2022-04-01T10:11:22","slug":"sorumluluk-reddi","status":"publish","type":"page","link":"https:\/\/www.texoliq.com\/tr\/sorumluluk-reddi","title":{"rendered":"sorumluluk reddi"},"content":{"rendered":"\n<!-- Legal document generated by Complianz | GDPR\/CCPA Cookie Consent https:\/\/wordpress.org\/plugins\/complianz-gdpr -->\n<div id=\"cmplz-document\" class=\"cmplz-document disclaimer cmplz-document-all\"><p>TEXOLIQ\u00ae, bu web sitesini g\u00fcncel ve do\u011fru tutmay\u0131 taahh\u00fct eder. Yine de yanl\u0131\u015f veya g\u00fcncel olmayan bir \u015feyle kar\u015f\u0131la\u015f\u0131rsan\u0131z, bize bildirirseniz memnun oluruz. L\u00fctfen web sitesinde bilgileri nerede okudu\u011funuzu belirtin. Daha sonra buna en k\u0131sa zamanda bakaca\u011f\u0131z. L\u00fctfen yan\u0131t\u0131n\u0131z\u0131 e-posta ile \u015fu adrese g\u00f6nderin: <span class=\"cmplz-obfuscate\">moc&#x2e;q&#105;&#x6c;&#111;xet&#064;tropp&#117;&#x73;<\/span>.<\/p><p>Yanl\u0131\u015fl\u0131klar\u0131n veya eksikli\u011fin bir sonucu olarak kay\u0131ptan veya kesintiler veya kesintiler gibi bilgilerin internet yoluyla yay\u0131lmas\u0131ndan kaynaklanan veya bunun do\u011fas\u0131nda var olan sorunlardan kaynaklanan kay\u0131plardan sorumlu de\u011filiz. Web formlar\u0131n\u0131 kullan\u0131rken, gerekli alan say\u0131s\u0131n\u0131 en aza indirmeye \u00e7al\u0131\u015f\u0131yoruz. TEXOLIQ\u00ae taraf\u0131ndan veya bu web sitesi arac\u0131l\u0131\u011f\u0131yla sa\u011flanan veri, \u00f6neri veya fikirlerin kullan\u0131m\u0131ndan kaynaklanan herhangi bir kay\u0131p i\u00e7in, TEXOLIQ\u00ae herhangi bir sorumluluk kabul etmez.<\/p><p>Yan\u0131t\u0131n\u0131z veya bilgi talebiniz ba\u011flam\u0131nda bize sa\u011flad\u0131\u011f\u0131n\u0131z ki\u015fisel veriler yaln\u0131zca gizlilik bildirimimize uygun olarak kullan\u0131lacakt\u0131r.<\/p><p>Bu web sitesindeki i\u00e7eri\u011fe ili\u015fkin t\u00fcm fikri m\u00fclkiyet haklar\u0131 TEXOLIQ\u00ae olarak verilmi\u015ftir.<\/p><p>Bu materyallerin kopyalanmas\u0131na, yay\u0131lmas\u0131na ve ba\u015fka herhangi bir \u015fekilde kullan\u0131lmas\u0131na izin verilmez, ancak belirli i\u00e7erik aksini belirtmedik\u00e7e zorunlu yasa d\u00fczenlemelerinde (al\u0131nt\u0131 yapma hakk\u0131 gibi) aksi belirtilmedik\u00e7e ve TEXOLIQ\u00ae yaz\u0131l\u0131 izni olmadan izin verilmez.<\/p><p>Web sitesinin eri\u015filebilirli\u011fi ile ilgili herhangi bir sorunuz veya sorununuz varsa, l\u00fctfen bizimle ileti\u015fime ge\u00e7mekten \u00e7ekinmeyin.<\/p><\/div>\n","protected":false},"excerpt":{"rendered":"","protected":false},"author":1,"featured_media":0,"parent":0,"menu_order":0,"comment_status":"closed","ping_status":"closed","template":"","meta":{"ocean_post_layout":"full-width","ocean_both_sidebars_style":"","ocean_both_sidebars_content_width":0,"ocean_both_sidebars_sidebars_width":0,"ocean_sidebar":"0","ocean_second_sidebar":"0","ocean_disable_margins":"enable","ocean_add_body_class":"","ocean_shortcode_before_top_bar":"","ocean_shortcode_after_top_bar":"","ocean_shortcode_before_header":"","ocean_shortcode_after_header":"","ocean_has_shortcode":"","ocean_shortcode_after_title":"","ocean_shortcode_before_footer_widgets":"","ocean_shortcode_after_footer_widgets":"","ocean_shortcode_before_footer_bottom":"","ocean_shortcode_after_footer_bottom":"","ocean_display_top_bar":"default","ocean_display_header":"default","ocean_header_style":"","ocean_center_header_left_menu":"0","ocean_custom_header_template":"0","ocean_custom_logo":0,"ocean_custom_retina_logo":0,"ocean_custom_logo_max_width":0,"ocean_custom_logo_tablet_max_width":0,"ocean_custom_logo_mobile_max_width":0,"ocean_custom_logo_max_height":0,"ocean_custom_logo_tablet_max_height":0,"ocean_custom_logo_mobile_max_height":0,"ocean_header_custom_menu":"0","ocean_menu_typo_font_family":"0","ocean_menu_typo_font_subset":"","ocean_menu_typo_font_size":0,"ocean_menu_typo_font_size_tablet":0,"ocean_menu_typo_font_size_mobile":0,"ocean_menu_typo_font_size_unit":"px","ocean_menu_typo_font_weight":"","ocean_menu_typo_font_weight_tablet":"","ocean_menu_typo_font_weight_mobile":"","ocean_menu_typo_transform":"","ocean_menu_typo_transform_tablet":"","ocean_menu_typo_transform_mobile":"","ocean_menu_typo_line_height":0,"ocean_menu_typo_line_height_tablet":0,"ocean_menu_typo_line_height_mobile":0,"ocean_menu_typo_line_height_unit":"","ocean_menu_typo_spacing":0,"ocean_menu_typo_spacing_tablet":0,"ocean_menu_typo_spacing_mobile":0,"ocean_menu_typo_spacing_unit":"","ocean_menu_link_color":"","ocean_menu_link_color_hover":"","ocean_menu_link_color_active":"","ocean_menu_link_background":"","ocean_menu_link_hover_background":"","ocean_menu_link_active_background":"","ocean_menu_social_links_bg":"","ocean_menu_social_hover_links_bg":"","ocean_menu_social_links_color":"","ocean_menu_social_hover_links_color":"","ocean_disable_title":"on","ocean_disable_heading":"default","ocean_post_title":"","ocean_post_subheading":"","ocean_post_title_style":"","ocean_post_title_background_color":"","ocean_post_title_background":0,"ocean_post_title_bg_image_position":"","ocean_post_title_bg_image_attachment":"","ocean_post_title_bg_image_repeat":"","ocean_post_title_bg_image_size":"","ocean_post_title_height":0,"ocean_post_title_bg_overlay":0.5,"ocean_post_title_bg_overlay_color":"","ocean_disable_breadcrumbs":"default","ocean_breadcrumbs_color":"","ocean_breadcrumbs_separator_color":"","ocean_breadcrumbs_links_color":"","ocean_breadcrumbs_links_hover_color":"","ocean_display_footer_widgets":"default","ocean_display_footer_bottom":"default","ocean_custom_footer_template":"0","footnotes":""},"class_list":["post-4559","page","type-page","status-publish","hentry","entry","owp-thumbs-layout-horizontal","owp-btn-big","owp-tabs-layout-horizontal","has-no-thumbnails","has-product-nav"],"featured_image_src":null,"yoast_head":"<!-- This site is optimized with the Yoast SEO Premium plugin v20.1 (Yoast SEO v26.5) - https:\/\/yoast.com\/wordpress\/plugins\/seo\/ -->\n<title>sorumluluk reddi - TEXOLIQ\u00ae<\/title>\n<meta name=\"robots\" content=\"index, follow, max-snippet:-1, max-image-preview:large, max-video-preview:-1\" \/>\n<link rel=\"canonical\" href=\"https:\/\/www.texoliq.com\/tr\/sorumluluk-reddi\" \/>\n<meta property=\"og:locale\" content=\"tr_TR\" \/>\n<meta property=\"og:type\" content=\"article\" \/>\n<meta property=\"og:title\" content=\"sorumluluk reddi\" \/>\n<meta property=\"og:url\" content=\"https:\/\/www.texoliq.com\/tr\/sorumluluk-reddi\" \/>\n<meta property=\"og:site_name\" content=\"TEXOLIQ\u00ae\" \/>\n<meta property=\"article:modified_time\" content=\"2022-04-01T10:11:22+00:00\" \/>\n<meta property=\"og:image\" content=\"https:\/\/www.texoliq.com\/wp-content\/uploads\/2021\/04\/icona-del-sito-circolare-1.png\" \/>\n\t<meta property=\"og:image:width\" content=\"500\" \/>\n\t<meta property=\"og:image:height\" content=\"500\" \/>\n\t<meta property=\"og:image:type\" content=\"image\/png\" \/>\n<meta name=\"twitter:card\" content=\"summary_large_image\" \/>\n<meta name=\"twitter:label1\" content=\"Tahmini okuma s\u00fcresi\" \/>\n\t<meta name=\"twitter:data1\" content=\"1 dakika\" \/>\n<script type=\"application\/ld+json\" class=\"yoast-schema-graph\">{\"@context\":\"https:\/\/schema.org\",\"@graph\":[{\"@type\":\"WebPage\",\"@id\":\"https:\/\/www.texoliq.com\/tr\/sorumluluk-reddi\",\"url\":\"https:\/\/www.texoliq.com\/tr\/sorumluluk-reddi\",\"name\":\"sorumluluk reddi - TEXOLIQ\u00ae\",\"isPartOf\":{\"@id\":\"https:\/\/www.texoliq.com\/tr#website\"},\"datePublished\":\"2022-03-07T17:40:21+00:00\",\"dateModified\":\"2022-04-01T10:11:22+00:00\",\"breadcrumb\":{\"@id\":\"https:\/\/www.texoliq.com\/tr\/sorumluluk-reddi#breadcrumb\"},\"inLanguage\":\"tr\",\"potentialAction\":[{\"@type\":\"ReadAction\",\"target\":[\"https:\/\/www.texoliq.com\/tr\/sorumluluk-reddi\"]}]},{\"@type\":\"BreadcrumbList\",\"@id\":\"https:\/\/www.texoliq.com\/tr\/sorumluluk-reddi#breadcrumb\",\"itemListElement\":[{\"@type\":\"ListItem\",\"position\":1,\"name\":\"Home\",\"item\":\"https:\/\/www.texoliq.com\/tr\"},{\"@type\":\"ListItem\",\"position\":2,\"name\":\"sorumluluk reddi\"}]},{\"@type\":\"WebSite\",\"@id\":\"https:\/\/www.texoliq.com\/tr#website\",\"url\":\"https:\/\/www.texoliq.com\/tr\",\"name\":\"TEXOLIQ\u00ae\",\"description\":\"Kit sushi\",\"publisher\":{\"@id\":\"https:\/\/www.texoliq.com\/tr#organization\"},\"alternateName\":\"TEXOLIQ\",\"potentialAction\":[{\"@type\":\"SearchAction\",\"target\":{\"@type\":\"EntryPoint\",\"urlTemplate\":\"https:\/\/www.texoliq.com\/tr?s={search_term_string}\"},\"query-input\":{\"@type\":\"PropertyValueSpecification\",\"valueRequired\":true,\"valueName\":\"search_term_string\"}}],\"inLanguage\":\"tr\"},{\"@type\":\"Organization\",\"@id\":\"https:\/\/www.texoliq.com\/tr#organization\",\"name\":\"TEXOLIQ\u00ae\",\"alternateName\":\"TEXOLIQ\",\"url\":\"https:\/\/www.texoliq.com\/tr\",\"logo\":{\"@type\":\"ImageObject\",\"inLanguage\":\"tr\",\"@id\":\"https:\/\/www.texoliq.com\/tr#\/schema\/logo\/image\/\",\"url\":\"http:\/\/www.texoliq.com\/wp-content\/uploads\/2021\/04\/icona-del-sito-circolare-1.png\",\"contentUrl\":\"http:\/\/www.texoliq.com\/wp-content\/uploads\/2021\/04\/icona-del-sito-circolare-1.png\",\"width\":500,\"height\":500,\"caption\":\"TEXOLIQ\u00ae\"},\"image\":{\"@id\":\"https:\/\/www.texoliq.com\/tr#\/schema\/logo\/image\/\"}}]}<\/script>\n<!-- \/ Yoast SEO Premium plugin. -->","yoast_head_json":{"title":"sorumluluk reddi - TEXOLIQ\u00ae","robots":{"index":"index","follow":"follow","max-snippet":"max-snippet:-1","max-image-preview":"max-image-preview:large","max-video-preview":"max-video-preview:-1"},"canonical":"https:\/\/www.texoliq.com\/tr\/sorumluluk-reddi","og_locale":"tr_TR","og_type":"article","og_title":"sorumluluk reddi","og_url":"https:\/\/www.texoliq.com\/tr\/sorumluluk-reddi","og_site_name":"TEXOLIQ\u00ae","article_modified_time":"2022-04-01T10:11:22+00:00","og_image":[{"width":500,"height":500,"url":"https:\/\/www.texoliq.com\/wp-content\/uploads\/2021\/04\/icona-del-sito-circolare-1.png","type":"image\/png"}],"twitter_card":"summary_large_image","twitter_misc":{"Tahmini okuma s\u00fcresi":"1 dakika"},"schema":{"@context":"https:\/\/schema.org","@graph":[{"@type":"WebPage","@id":"https:\/\/www.texoliq.com\/tr\/sorumluluk-reddi","url":"https:\/\/www.texoliq.com\/tr\/sorumluluk-reddi","name":"sorumluluk reddi - TEXOLIQ\u00ae","isPartOf":{"@id":"https:\/\/www.texoliq.com\/tr#website"},"datePublished":"2022-03-07T17:40:21+00:00","dateModified":"2022-04-01T10:11:22+00:00","breadcrumb":{"@id":"https:\/\/www.texoliq.com\/tr\/sorumluluk-reddi#breadcrumb"},"inLanguage":"tr","potentialAction":[{"@type":"ReadAction","target":["https:\/\/www.texoliq.com\/tr\/sorumluluk-reddi"]}]},{"@type":"BreadcrumbList","@id":"https:\/\/www.texoliq.com\/tr\/sorumluluk-reddi#breadcrumb","itemListElement":[{"@type":"ListItem","position":1,"name":"Home","item":"https:\/\/www.texoliq.com\/tr"},{"@type":"ListItem","position":2,"name":"sorumluluk reddi"}]},{"@type":"WebSite","@id":"https:\/\/www.texoliq.com\/tr#website","url":"https:\/\/www.texoliq.com\/tr","name":"TEXOLIQ\u00ae","description":"Kit sushi","publisher":{"@id":"https:\/\/www.texoliq.com\/tr#organization"},"alternateName":"TEXOLIQ","potentialAction":[{"@type":"SearchAction","target":{"@type":"EntryPoint","urlTemplate":"https:\/\/www.texoliq.com\/tr?s={search_term_string}"},"query-input":{"@type":"PropertyValueSpecification","valueRequired":true,"valueName":"search_term_string"}}],"inLanguage":"tr"},{"@type":"Organization","@id":"https:\/\/www.texoliq.com\/tr#organization","name":"TEXOLIQ\u00ae","alternateName":"TEXOLIQ","url":"https:\/\/www.texoliq.com\/tr","logo":{"@type":"ImageObject","inLanguage":"tr","@id":"https:\/\/www.texoliq.com\/tr#\/schema\/logo\/image\/","url":"http:\/\/www.texoliq.com\/wp-content\/uploads\/2021\/04\/icona-del-sito-circolare-1.png","contentUrl":"http:\/\/www.texoliq.com\/wp-content\/uploads\/2021\/04\/icona-del-sito-circolare-1.png","width":500,"height":500,"caption":"TEXOLIQ\u00ae"},"image":{"@id":"https:\/\/www.texoliq.com\/tr#\/schema\/logo\/image\/"}}]}},"_links":{"self":[{"href":"https:\/\/www.texoliq.com\/tr\/wp-json\/wp\/v2\/pages\/4559","targetHints":{"allow":["GET"]}}],"collection":[{"href":"https:\/\/www.texoliq.com\/tr\/wp-json\/wp\/v2\/pages"}],"about":[{"href":"https:\/\/www.texoliq.com\/tr\/wp-json\/wp\/v2\/types\/page"}],"author":[{"embeddable":true,"href":"https:\/\/www.texoliq.com\/tr\/wp-json\/wp\/v2\/users\/1"}],"replies":[{"embeddable":true,"href":"https:\/\/www.texoliq.com\/tr\/wp-json\/wp\/v2\/comments?post=4559"}],"version-history":[{"count":0,"href":"https:\/\/www.texoliq.com\/tr\/wp-json\/wp\/v2\/pages\/4559\/revisions"}],"wp:attachment":[{"href":"https:\/\/www.texoliq.com\/tr\/wp-json\/wp\/v2\/media?parent=4559"}],"curies":[{"name":"wp","href":"https:\/\/api.w.org\/{rel}","templated":true}]}}