{"id":2825,"date":"2022-03-16T12:06:01","date_gmt":"2022-03-16T12:06:01","guid":{"rendered":"https:\/\/www.texoliq.com\/?post_type=product&#038;p=2825"},"modified":"2023-03-07T12:50:18","modified_gmt":"2023-03-07T12:50:18","slug":"susi-yemek-tarifi-kitabi","status":"publish","type":"product","link":"https:\/\/www.texoliq.com\/tr\/\u00fcr\u00fcn\/susi-yemek-tarifi-kitabi","title":{"rendered":"su\u015fi yemek tarifi kitab\u0131"},"content":{"rendered":"<h1 class=\"font_8\" style=\"padding-left: 40px; text-align: center;\"><span style=\"color: #000000;\">TEXOLIQ yemek kitab\u0131n\u0131zda bulunan i\u00e7erikler<\/span><\/h1>\n<p>S\u0131radan insanlar evde Sushi yapar m\u0131?<br \/>\n\u00c7o\u011fu durumda, cevap Hay\u0131r!<br \/>\nAncak, iyi Sushi yapmak i\u00e7in ger\u00e7ek bir Sushi Chef olman\u0131za gerek yok, de\u011fil mi? \u00d6yleyse neden s\u0131radan insanlar su\u015fi pi\u015firmesin? Sadece gerekli ara\u00e7lar\u0131n ve \/ veya do\u011fru tariflerin eksikli\u011finden dolay\u0131.<br \/>\nTEXOLIQ su\u015fi yemek tarifi kitab\u0131 sayesinde su\u015fi haz\u0131rlamak, hi\u00e7 su\u015fi haz\u0131rlama deneyimi olmayanlar i\u00e7in bile kolay olabilir. Bu yemek kitab\u0131 ile bu yeme\u011fin farkl\u0131 \u00e7e\u015fitlerini haz\u0131rlamak i\u00e7in t\u00fcm temel teknikleri \u00f6\u011freneceksiniz.<\/p>\n<h2 style=\"text-align: center;\"><em><strong><span style=\"color: #59d600;\">Dijital su\u015fi yemek tarifi kitab\u0131 yer alan i\u00e7erik<\/span><\/strong><\/em><\/h2>\n<p style=\"text-align: left;\"><span style=\"color: #0b6e0b;\"><strong>\u2705 Pirin\u00e7 sosu haz\u0131rl\u0131\u011f\u0131<\/strong><\/span><\/p>\n<p>Su\u015fi pirinci haz\u0131rlamak i\u00e7in pirinci, lezzet vermesinin yan\u0131 s\u0131ra pirinci yumu\u015fak tutmaya ve yumu\u015fakl\u0131\u011f\u0131n\u0131 korumaya da hizmet eden sushizu ad\u0131 verilen temel bir \u00e7e\u015fni ile baharatlamak gerekir.<\/p>\n<hr \/>\n<p style=\"text-align: left;\"><span style=\"color: #0b6e0b;\"><strong>\u2705 Su\u015fi i\u00e7in pirin\u00e7 haz\u0131rlama<\/strong><\/span><\/p>\n<p>Su\u015fi pirinci, ger\u00e7ekten iyi bir su\u015fi i\u00e7in temel bile\u015fendir. Onu m\u00fckemmel \u015fekilde pi\u015firmeyi \u00f6\u011frenmek, Japon mutfa\u011f\u0131nda ger\u00e7ek uzmanlar olman\u0131n temelidir.<\/p>\n<hr \/>\n<p style=\"text-align: left;\"><span style=\"color: #0b6e0b;\"><strong>\u2705 Hosomaki haz\u0131rl\u0131\u011f\u0131<\/strong><\/span><\/p>\n<p>Hosomaki su\u015fi, su\u015fi rulosunun d\u0131\u015f\u0131nda nori yosununun pirin\u00e7 dolgusunu ve se\u00e7ti\u011finiz tek bir malzemeyi, bal\u0131k veya sebzeyi sarmas\u0131 ile karakterize edilen maki su\u015fi \u00e7e\u015fitlerinden biridir.<\/p>\n<hr \/>\n<p style=\"text-align: left;\"><span style=\"color: #0b6e0b;\"><strong>\u2705 Futomaki haz\u0131rl\u0131\u011f\u0131<\/strong><\/span><\/p>\n<p>Futomaki su\u015fi, Japon mutfa\u011f\u0131nda, bir veya daha fazla bal\u0131k, sebze, yumu\u015fak\u00e7a, kabuklular ve deniz yosunu dolgulu su\u015fi pirincinden (yani sirke ve \u015fekerle tatland\u0131r\u0131lm\u0131\u015f) yap\u0131lan bir su\u015fi yeme\u011fidir.<\/p>\n<hr \/>\n<p style=\"text-align: left;\"><span style=\"color: #0b6e0b;\"><strong>\u2705 Uramaki haz\u0131rl\u0131\u011f\u0131<\/strong><\/span><\/p>\n<p>Uramaki su\u015fi, Bat\u0131l\u0131lar aras\u0131nda en pop\u00fcler maki su\u015fi \u00e7e\u015fitlerinden biridir. Di\u011fer t\u00fcm su\u015fi t\u00fcrlerinin aksine uramaki su\u015fide nori yosunu su\u015fi rulosunun d\u0131\u015f\u0131na de\u011fil i\u00e7ine yerle\u015ftirilir.<\/p>\n<hr \/>\n<p style=\"text-align: left;\"><span style=\"color: #0b6e0b;\"><strong>\u2705 Yeni ba\u015flayanlar i\u00e7in su\u015fi rulo haz\u0131rlama<\/strong><\/span><\/p>\n<p>TEXOLIQ su\u015fi setindeki bazuka arac\u0131 sayesinde su\u015fi yapmak hi\u00e7 bu kadar kolay olmam\u0131\u015ft\u0131! Bu yenilik\u00e7i ara\u00e7, pratik olmayan veya daha \u00f6nce hi\u00e7 maki su\u015fi haz\u0131rlamam\u0131\u015f olanlar i\u00e7in bile m\u00fckemmel maki su\u015fi rulolar\u0131 olu\u015fturman\u0131za olanak tan\u0131r.<\/p>\n<hr \/>\n<p style=\"text-align: left;\">\n","protected":false},"excerpt":{"rendered":"<p>TEXOLIQ yemek kitab\u0131n\u0131zda bulunan i\u00e7erikler S\u0131radan insanlar evde Sushi yapar m\u0131? \u00c7o\u011fu durumda, cevap Hay\u0131r! Ancak, iyi Sushi yapmak i\u00e7in ger\u00e7ek bir Sushi Chef olman\u0131za gerek yok, de\u011fil mi? \u00d6yleyse neden s\u0131radan insanlar su\u015fi pi\u015firmesin? Sadece gerekli ara\u00e7lar\u0131n ve \/ veya do\u011fru tariflerin eksikli\u011finden dolay\u0131. TEXOLIQ su\u015fi yemek tarifi kitab\u0131 sayesinde su\u015fi haz\u0131rlamak, hi\u00e7 su\u015fi [&hellip;]<\/p>\n","protected":false},"featured_media":6179,"comment_status":"open","ping_status":"closed","template":"","meta":{"ocean_post_layout":"full-width","ocean_both_sidebars_style":"","ocean_both_sidebars_content_width":0,"ocean_both_sidebars_sidebars_width":0,"ocean_sidebar":"0","ocean_second_sidebar":"0","ocean_disable_margins":"enable","ocean_add_body_class":"","ocean_shortcode_before_top_bar":"","ocean_shortcode_after_top_bar":"","ocean_shortcode_before_header":"","ocean_shortcode_after_header":"","ocean_has_shortcode":"","ocean_shortcode_after_title":"","ocean_shortcode_before_footer_widgets":"","ocean_shortcode_after_footer_widgets":"","ocean_shortcode_before_footer_bottom":"","ocean_shortcode_after_footer_bottom":"","ocean_display_top_bar":"default","ocean_display_header":"default","ocean_header_style":"","ocean_center_header_left_menu":"0","ocean_custom_header_template":"0","ocean_custom_logo":0,"ocean_custom_retina_logo":0,"ocean_custom_logo_max_width":0,"ocean_custom_logo_tablet_max_width":0,"ocean_custom_logo_mobile_max_width":0,"ocean_custom_logo_max_height":0,"ocean_custom_logo_tablet_max_height":0,"ocean_custom_logo_mobile_max_height":0,"ocean_header_custom_menu":"0","ocean_menu_typo_font_family":"0","ocean_menu_typo_font_subset":"","ocean_menu_typo_font_size":0,"ocean_menu_typo_font_size_tablet":0,"ocean_menu_typo_font_size_mobile":0,"ocean_menu_typo_font_size_unit":"px","ocean_menu_typo_font_weight":"","ocean_menu_typo_font_weight_tablet":"","ocean_menu_typo_font_weight_mobile":"","ocean_menu_typo_transform":"","ocean_menu_typo_transform_tablet":"","ocean_menu_typo_transform_mobile":"","ocean_menu_typo_line_height":0,"ocean_menu_typo_line_height_tablet":0,"ocean_menu_typo_line_height_mobile":0,"ocean_menu_typo_line_height_unit":"","ocean_menu_typo_spacing":0,"ocean_menu_typo_spacing_tablet":0,"ocean_menu_typo_spacing_mobile":0,"ocean_menu_typo_spacing_unit":"","ocean_menu_link_color":"","ocean_menu_link_color_hover":"","ocean_menu_link_color_active":"","ocean_menu_link_background":"","ocean_menu_link_hover_background":"","ocean_menu_link_active_background":"","ocean_menu_social_links_bg":"","ocean_menu_social_hover_links_bg":"","ocean_menu_social_links_color":"","ocean_menu_social_hover_links_color":"","ocean_disable_title":"on","ocean_disable_heading":"default","ocean_post_title":"","ocean_post_subheading":"","ocean_post_title_style":"","ocean_post_title_background_color":"","ocean_post_title_background":0,"ocean_post_title_bg_image_position":"","ocean_post_title_bg_image_attachment":"","ocean_post_title_bg_image_repeat":"","ocean_post_title_bg_image_size":"","ocean_post_title_height":0,"ocean_post_title_bg_overlay":0.5,"ocean_post_title_bg_overlay_color":"","ocean_disable_breadcrumbs":"default","ocean_breadcrumbs_color":"","ocean_breadcrumbs_separator_color":"","ocean_breadcrumbs_links_color":"","ocean_breadcrumbs_links_hover_color":"","ocean_display_footer_widgets":"default","ocean_display_footer_bottom":"default","ocean_custom_footer_template":"0"},"product_brand":[],"product_cat":[123],"product_tag":[225,227,231],"class_list":{"0":"post-2825","1":"product","2":"type-product","3":"status-publish","4":"has-post-thumbnail","6":"product_cat-e-kitap-pdf","7":"product_tag-kullanici-rehberi","8":"product_tag-tarifler-kitabi","9":"product_tag-yemek-kitabi","11":"entry","12":"has-media","14":"first","15":"instock","16":"downloadable","17":"virtual","18":"purchasable","19":"product-type-simple","20":"has-rating","21":"has-product-nav","22":"col","23":"span_1_of_2","24":"owp-content-center","25":"owp-thumbs-layout-horizontal","26":"owp-btn-big","27":"owp-tabs-layout-horizontal"},"yoast_head":"<!-- This site is optimized with the Yoast SEO Premium plugin v20.1 (Yoast SEO v26.5) - https:\/\/yoast.com\/wordpress\/plugins\/seo\/ -->\n<title>su\u015fi yemek tarifi kitab\u0131 - TEXOLIQ\u00ae<\/title>\n<meta name=\"description\" content=\"\u2705 \u015e\u0130MD\u0130 dijital su\u015fi yemek tarifi kitab\u0131 \u2714\ufe0f TEXOLIQ \u0130ND\u0130R\u0130N ve su\u015fi de haz\u0131rlay\u0131n. \u2611\ufe0f Dijital versiyonda \u00dcCRETS\u0130Z S\u0130PAR\u0130\u015e VER\u0130N.\" \/>\n<meta name=\"robots\" content=\"index, follow, max-snippet:-1, max-image-preview:large, max-video-preview:-1\" \/>\n<link rel=\"canonical\" href=\"https:\/\/www.texoliq.com\/tr\/\u00fcr\u00fcn\/susi-yemek-tarifi-kitabi\" \/>\n<meta property=\"og:locale\" content=\"tr_TR\" \/>\n<meta property=\"og:type\" content=\"article\" \/>\n<meta property=\"og:title\" content=\"su\u015fi yemek tarifi kitab\u0131\" \/>\n<meta property=\"og:description\" content=\"\u2705 \u015e\u0130MD\u0130 dijital su\u015fi yemek tarifi kitab\u0131 \u2714\ufe0f TEXOLIQ \u0130ND\u0130R\u0130N ve su\u015fi de haz\u0131rlay\u0131n. \u2611\ufe0f Dijital versiyonda \u00dcCRETS\u0130Z S\u0130PAR\u0130\u015e VER\u0130N.\" \/>\n<meta property=\"og:url\" content=\"https:\/\/www.texoliq.com\/tr\/\u00fcr\u00fcn\/susi-yemek-tarifi-kitabi\" \/>\n<meta property=\"og:site_name\" content=\"TEXOLIQ\u00ae\" \/>\n<meta property=\"article:modified_time\" content=\"2023-03-07T12:50:18+00:00\" \/>\n<meta property=\"og:image\" content=\"http:\/\/www.texoliq.com\/wp-content\/uploads\/2022\/03\/1-15.webp\" \/>\n\t<meta property=\"og:image:width\" content=\"1000\" \/>\n\t<meta property=\"og:image:height\" content=\"1000\" \/>\n\t<meta property=\"og:image:type\" content=\"image\/webp\" \/>\n<meta name=\"twitter:card\" content=\"summary_large_image\" \/>\n<meta name=\"twitter:label1\" content=\"Tahmini okuma s\u00fcresi\" \/>\n\t<meta name=\"twitter:data1\" content=\"2 dakika\" \/>\n<script type=\"application\/ld+json\" class=\"yoast-schema-graph\">{\"@context\":\"https:\/\/schema.org\",\"@graph\":[{\"@type\":\"WebPage\",\"@id\":\"https:\/\/www.texoliq.com\/tr\/\u00fcr\u00fcn\/susi-yemek-tarifi-kitabi\",\"url\":\"https:\/\/www.texoliq.com\/tr\/\u00fcr\u00fcn\/susi-yemek-tarifi-kitabi\",\"name\":\"su\u015fi yemek tarifi kitab\u0131 - TEXOLIQ\u00ae\",\"isPartOf\":{\"@id\":\"https:\/\/www.texoliq.com\/tr#website\"},\"primaryImageOfPage\":{\"@id\":\"https:\/\/www.texoliq.com\/tr\/\u00fcr\u00fcn\/susi-yemek-tarifi-kitabi#primaryimage\"},\"image\":{\"@id\":\"https:\/\/www.texoliq.com\/tr\/\u00fcr\u00fcn\/susi-yemek-tarifi-kitabi#primaryimage\"},\"thumbnailUrl\":\"https:\/\/www.texoliq.com\/wp-content\/uploads\/2022\/03\/1-15.webp\",\"datePublished\":\"2022-03-16T12:06:01+00:00\",\"dateModified\":\"2023-03-07T12:50:18+00:00\",\"description\":\"\u2705 \u015e\u0130MD\u0130 dijital su\u015fi yemek tarifi kitab\u0131 \u2714\ufe0f TEXOLIQ \u0130ND\u0130R\u0130N ve su\u015fi de haz\u0131rlay\u0131n. \u2611\ufe0f Dijital versiyonda \u00dcCRETS\u0130Z S\u0130PAR\u0130\u015e VER\u0130N.\",\"breadcrumb\":{\"@id\":\"https:\/\/www.texoliq.com\/tr\/\u00fcr\u00fcn\/susi-yemek-tarifi-kitabi#breadcrumb\"},\"inLanguage\":\"tr\",\"potentialAction\":[{\"@type\":\"ReadAction\",\"target\":[\"https:\/\/www.texoliq.com\/tr\/\u00fcr\u00fcn\/susi-yemek-tarifi-kitabi\"]}]},{\"@type\":\"ImageObject\",\"inLanguage\":\"tr\",\"@id\":\"https:\/\/www.texoliq.com\/tr\/\u00fcr\u00fcn\/susi-yemek-tarifi-kitabi#primaryimage\",\"url\":\"https:\/\/www.texoliq.com\/wp-content\/uploads\/2022\/03\/1-15.webp\",\"contentUrl\":\"https:\/\/www.texoliq.com\/wp-content\/uploads\/2022\/03\/1-15.webp\",\"width\":1000,\"height\":1000,\"caption\":\"su\u015fi yemek tarifi kitab\u0131\"},{\"@type\":\"BreadcrumbList\",\"@id\":\"https:\/\/www.texoliq.com\/tr\/\u00fcr\u00fcn\/susi-yemek-tarifi-kitabi#breadcrumb\",\"itemListElement\":[{\"@type\":\"ListItem\",\"position\":1,\"name\":\"Home\",\"item\":\"https:\/\/www.texoliq.com\/tr\"},{\"@type\":\"ListItem\",\"position\":2,\"name\":\"Shop\",\"item\":\"https:\/\/www.texoliq.com\/negozio\"},{\"@type\":\"ListItem\",\"position\":3,\"name\":\"su\u015fi yemek tarifi kitab\u0131\"}]},{\"@type\":\"WebSite\",\"@id\":\"https:\/\/www.texoliq.com\/tr#website\",\"url\":\"https:\/\/www.texoliq.com\/tr\",\"name\":\"TEXOLIQ\u00ae\",\"description\":\"Kit sushi\",\"publisher\":{\"@id\":\"https:\/\/www.texoliq.com\/tr#organization\"},\"alternateName\":\"TEXOLIQ\",\"potentialAction\":[{\"@type\":\"SearchAction\",\"target\":{\"@type\":\"EntryPoint\",\"urlTemplate\":\"https:\/\/www.texoliq.com\/tr?s={search_term_string}\"},\"query-input\":{\"@type\":\"PropertyValueSpecification\",\"valueRequired\":true,\"valueName\":\"search_term_string\"}}],\"inLanguage\":\"tr\"},{\"@type\":\"Organization\",\"@id\":\"https:\/\/www.texoliq.com\/tr#organization\",\"name\":\"TEXOLIQ\u00ae\",\"alternateName\":\"TEXOLIQ\",\"url\":\"https:\/\/www.texoliq.com\/tr\",\"logo\":{\"@type\":\"ImageObject\",\"inLanguage\":\"tr\",\"@id\":\"https:\/\/www.texoliq.com\/tr#\/schema\/logo\/image\/\",\"url\":\"http:\/\/www.texoliq.com\/wp-content\/uploads\/2021\/04\/icona-del-sito-circolare-1.png\",\"contentUrl\":\"http:\/\/www.texoliq.com\/wp-content\/uploads\/2021\/04\/icona-del-sito-circolare-1.png\",\"width\":500,\"height\":500,\"caption\":\"TEXOLIQ\u00ae\"},\"image\":{\"@id\":\"https:\/\/www.texoliq.com\/tr#\/schema\/logo\/image\/\"}}]}<\/script>\n<!-- \/ Yoast SEO Premium plugin. -->","yoast_head_json":{"title":"su\u015fi yemek tarifi kitab\u0131 - TEXOLIQ\u00ae","description":"\u2705 \u015e\u0130MD\u0130 dijital su\u015fi yemek tarifi kitab\u0131 \u2714\ufe0f TEXOLIQ \u0130ND\u0130R\u0130N ve su\u015fi de haz\u0131rlay\u0131n. \u2611\ufe0f Dijital versiyonda \u00dcCRETS\u0130Z S\u0130PAR\u0130\u015e VER\u0130N.","robots":{"index":"index","follow":"follow","max-snippet":"max-snippet:-1","max-image-preview":"max-image-preview:large","max-video-preview":"max-video-preview:-1"},"canonical":"https:\/\/www.texoliq.com\/tr\/\u00fcr\u00fcn\/susi-yemek-tarifi-kitabi","og_locale":"tr_TR","og_type":"article","og_title":"su\u015fi yemek tarifi kitab\u0131","og_description":"\u2705 \u015e\u0130MD\u0130 dijital su\u015fi yemek tarifi kitab\u0131 \u2714\ufe0f TEXOLIQ \u0130ND\u0130R\u0130N ve su\u015fi de haz\u0131rlay\u0131n. \u2611\ufe0f Dijital versiyonda \u00dcCRETS\u0130Z S\u0130PAR\u0130\u015e VER\u0130N.","og_url":"https:\/\/www.texoliq.com\/tr\/\u00fcr\u00fcn\/susi-yemek-tarifi-kitabi","og_site_name":"TEXOLIQ\u00ae","article_modified_time":"2023-03-07T12:50:18+00:00","og_image":[{"width":1000,"height":1000,"url":"http:\/\/www.texoliq.com\/wp-content\/uploads\/2022\/03\/1-15.webp","type":"image\/webp"}],"twitter_card":"summary_large_image","twitter_misc":{"Tahmini okuma s\u00fcresi":"2 dakika"},"schema":{"@context":"https:\/\/schema.org","@graph":[{"@type":"WebPage","@id":"https:\/\/www.texoliq.com\/tr\/\u00fcr\u00fcn\/susi-yemek-tarifi-kitabi","url":"https:\/\/www.texoliq.com\/tr\/\u00fcr\u00fcn\/susi-yemek-tarifi-kitabi","name":"su\u015fi yemek tarifi kitab\u0131 - TEXOLIQ\u00ae","isPartOf":{"@id":"https:\/\/www.texoliq.com\/tr#website"},"primaryImageOfPage":{"@id":"https:\/\/www.texoliq.com\/tr\/\u00fcr\u00fcn\/susi-yemek-tarifi-kitabi#primaryimage"},"image":{"@id":"https:\/\/www.texoliq.com\/tr\/\u00fcr\u00fcn\/susi-yemek-tarifi-kitabi#primaryimage"},"thumbnailUrl":"https:\/\/www.texoliq.com\/wp-content\/uploads\/2022\/03\/1-15.webp","datePublished":"2022-03-16T12:06:01+00:00","dateModified":"2023-03-07T12:50:18+00:00","description":"\u2705 \u015e\u0130MD\u0130 dijital su\u015fi yemek tarifi kitab\u0131 \u2714\ufe0f TEXOLIQ \u0130ND\u0130R\u0130N ve su\u015fi de haz\u0131rlay\u0131n. \u2611\ufe0f Dijital versiyonda \u00dcCRETS\u0130Z S\u0130PAR\u0130\u015e VER\u0130N.","breadcrumb":{"@id":"https:\/\/www.texoliq.com\/tr\/\u00fcr\u00fcn\/susi-yemek-tarifi-kitabi#breadcrumb"},"inLanguage":"tr","potentialAction":[{"@type":"ReadAction","target":["https:\/\/www.texoliq.com\/tr\/\u00fcr\u00fcn\/susi-yemek-tarifi-kitabi"]}]},{"@type":"ImageObject","inLanguage":"tr","@id":"https:\/\/www.texoliq.com\/tr\/\u00fcr\u00fcn\/susi-yemek-tarifi-kitabi#primaryimage","url":"https:\/\/www.texoliq.com\/wp-content\/uploads\/2022\/03\/1-15.webp","contentUrl":"https:\/\/www.texoliq.com\/wp-content\/uploads\/2022\/03\/1-15.webp","width":1000,"height":1000,"caption":"su\u015fi yemek tarifi kitab\u0131"},{"@type":"BreadcrumbList","@id":"https:\/\/www.texoliq.com\/tr\/\u00fcr\u00fcn\/susi-yemek-tarifi-kitabi#breadcrumb","itemListElement":[{"@type":"ListItem","position":1,"name":"Home","item":"https:\/\/www.texoliq.com\/tr"},{"@type":"ListItem","position":2,"name":"Shop","item":"https:\/\/www.texoliq.com\/negozio"},{"@type":"ListItem","position":3,"name":"su\u015fi yemek tarifi kitab\u0131"}]},{"@type":"WebSite","@id":"https:\/\/www.texoliq.com\/tr#website","url":"https:\/\/www.texoliq.com\/tr","name":"TEXOLIQ\u00ae","description":"Kit sushi","publisher":{"@id":"https:\/\/www.texoliq.com\/tr#organization"},"alternateName":"TEXOLIQ","potentialAction":[{"@type":"SearchAction","target":{"@type":"EntryPoint","urlTemplate":"https:\/\/www.texoliq.com\/tr?s={search_term_string}"},"query-input":{"@type":"PropertyValueSpecification","valueRequired":true,"valueName":"search_term_string"}}],"inLanguage":"tr"},{"@type":"Organization","@id":"https:\/\/www.texoliq.com\/tr#organization","name":"TEXOLIQ\u00ae","alternateName":"TEXOLIQ","url":"https:\/\/www.texoliq.com\/tr","logo":{"@type":"ImageObject","inLanguage":"tr","@id":"https:\/\/www.texoliq.com\/tr#\/schema\/logo\/image\/","url":"http:\/\/www.texoliq.com\/wp-content\/uploads\/2021\/04\/icona-del-sito-circolare-1.png","contentUrl":"http:\/\/www.texoliq.com\/wp-content\/uploads\/2021\/04\/icona-del-sito-circolare-1.png","width":500,"height":500,"caption":"TEXOLIQ\u00ae"},"image":{"@id":"https:\/\/www.texoliq.com\/tr#\/schema\/logo\/image\/"}}]}},"_links":{"self":[{"href":"https:\/\/www.texoliq.com\/tr\/wp-json\/wp\/v2\/product\/2825","targetHints":{"allow":["GET"]}}],"collection":[{"href":"https:\/\/www.texoliq.com\/tr\/wp-json\/wp\/v2\/product"}],"about":[{"href":"https:\/\/www.texoliq.com\/tr\/wp-json\/wp\/v2\/types\/product"}],"replies":[{"embeddable":true,"href":"https:\/\/www.texoliq.com\/tr\/wp-json\/wp\/v2\/comments?post=2825"}],"wp:featuredmedia":[{"embeddable":true,"href":"https:\/\/www.texoliq.com\/tr\/wp-json\/wp\/v2\/media\/6179"}],"wp:attachment":[{"href":"https:\/\/www.texoliq.com\/tr\/wp-json\/wp\/v2\/media?parent=2825"}],"wp:term":[{"taxonomy":"product_brand","embeddable":true,"href":"https:\/\/www.texoliq.com\/tr\/wp-json\/wp\/v2\/product_brand?post=2825"},{"taxonomy":"product_cat","embeddable":true,"href":"https:\/\/www.texoliq.com\/tr\/wp-json\/wp\/v2\/product_cat?post=2825"},{"taxonomy":"product_tag","embeddable":true,"href":"https:\/\/www.texoliq.com\/tr\/wp-json\/wp\/v2\/product_tag?post=2825"}],"curies":[{"name":"wp","href":"https:\/\/api.w.org\/{rel}","templated":true}]}}